{"id":8444,"date":"2021-01-07T14:17:26","date_gmt":"2021-01-07T17:17:26","guid":{"rendered":"https:\/\/177.234.152.18\/~bigplaye\/?page_id=8444"},"modified":"2021-02-08T09:57:04","modified_gmt":"2021-02-08T12:57:04","slug":"ranking-2","status":"publish","type":"page","link":"https:\/\/bigplayerbrazil.com.br\/en\/ranking-2\/","title":{"rendered":"Ranking"},"content":{"rendered":"<div data-elementor-type=\"wp-page\" data-elementor-id=\"8444\" class=\"elementor elementor-8444\" data-elementor-settings=\"[]\">\n\t\t\t\t\t\t<div class=\"elementor-inner\">\n\t\t\t\t\t\t\t<div class=\"elementor-section-wrap\">\n\t\t\t\t\t\t\t<section class=\"elementor-section elementor-top-section elementor-element elementor-element-7459e96 elementor-section-boxed elementor-section-height-default elementor-section-height-default\" data-id=\"7459e96\" data-element_type=\"section\" data-settings=\"{&quot;background_background&quot;:&quot;classic&quot;}\">\n\t\t\t\t\t\t\t<div class=\"elementor-background-overlay\"><\/div>\n\t\t\t\t\t\t\t<div class=\"elementor-container elementor-column-gap-default\">\n\t\t\t\t\t\t\t<div class=\"elementor-row\">\n\t\t\t\t\t<div class=\"elementor-column elementor-col-100 elementor-top-column elementor-element elementor-element-0c31d13\" data-id=\"0c31d13\" data-element_type=\"column\">\n\t\t\t<div class=\"elementor-column-wrap elementor-element-populated\">\n\t\t\t\t\t\t\t<div class=\"elementor-widget-wrap\">\n\t\t\t\t\t\t<section class=\"elementor-section elementor-inner-section elementor-element elementor-element-3e06770 elementor-section-boxed elementor-section-height-default elementor-section-height-default\" data-id=\"3e06770\" data-element_type=\"section\">\n\t\t\t\t\t\t<div class=\"elementor-container elementor-column-gap-narrow\">\n\t\t\t\t\t\t\t<div class=\"elementor-row\">\n\t\t\t\t\t<div class=\"elementor-column elementor-col-100 elementor-inner-column elementor-element elementor-element-c0aadc3\" data-id=\"c0aadc3\" data-element_type=\"column\">\n\t\t\t<div class=\"elementor-column-wrap elementor-element-populated\">\n\t\t\t\t\t\t\t<div class=\"elementor-widget-wrap\">\n\t\t\t\t\t\t<div class=\"elementor-element elementor-element-0684f7f elementor-widget elementor-widget-text-editor\" data-id=\"0684f7f\" data-element_type=\"widget\" data-settings=\"{&quot;ekit_we_effect_on&quot;:&quot;none&quot;}\" data-widget_type=\"text-editor.default\">\n\t\t\t\t<div class=\"elementor-widget-container\">\n\t\t\t\t\t<div class=\"elementor-text-editor elementor-clearfix\"><h3><strong><span style=\"color: #333333;\">Check the Ranking below<\/span><\/strong><\/h3><h3>FEBRUARY\/2021<\/h3><\/div>\n\t\t\t\t<\/div>\n\t\t\t\t<\/div>\n\t\t\t\t<div class=\"elementor-element elementor-element-cfb19dc elementor-widget elementor-widget-toggle\" data-id=\"cfb19dc\" data-element_type=\"widget\" data-settings=\"{&quot;ekit_we_effect_on&quot;:&quot;none&quot;}\" data-widget_type=\"toggle.default\">\n\t\t\t\t<div class=\"elementor-widget-container\">\n\t\t\t\t\t<div class=\"elementor-toggle\" role=\"tablist\">\n\t\t\t\t\t\t\t<div class=\"elementor-toggle-item\">\n\t\t\t\t\t<div id=\"elementor-tab-title-2171\" class=\"elementor-tab-title\" data-tab=\"1\" role=\"tab\" aria-controls=\"elementor-tab-content-2171\">\n\t\t\t\t\t\t\t\t\t\t\t\t<span class=\"elementor-toggle-icon elementor-toggle-icon-left\" aria-hidden=\"true\">\n\t\t\t\t\t\t\t\t\t\t\t\t\t\t\t<span class=\"elementor-toggle-icon-closed\"><i class=\"fas fa-caret-right\"><\/i><\/span>\n\t\t\t\t\t\t\t\t<span class=\"elementor-toggle-icon-opened\"><i class=\"elementor-toggle-icon-opened fas fa-caret-up\"><\/i><\/span>\n\t\t\t\t\t\t\t\t\t\t\t\t\t<\/span>\n\t\t\t\t\t\t\t\t\t\t\t\t<a href=\"\" class=\"elementor-toggle-title\">See Regulation<\/a>\n\t\t\t\t\t<\/div>\n\t\t\t\t\t<div id=\"elementor-tab-content-2171\" class=\"elementor-tab-content elementor-clearfix\" data-tab=\"1\" role=\"tabpanel\" aria-labelledby=\"elementor-tab-title-2171\"><p>REGULATION - MONTHLY BIG PLAYER RANKING SPOT <br \/><br \/>In our SUPER LEAGUE, if you want to be one of the 36 participants in the World&#039;s First Reality Poker Show, you need to stay tuned in our ranked tournaments. <br \/><br \/>THEY will be in the Lobby with the WORD \u201cRANK BIG PLAYER\u201d OR RANK BPB. <br \/><br \/>BIG PLAYER BRAZIL and its SUPER LIGAS partners, will notify in their media channels. <br \/><br \/>EVERY TOURNAMENT will have a guaranteed prize money and, attached to it, promotional tickets offered by the Big Player so that awarded players can also compete in the month-end tryouts. <br \/><br \/>This is the traditional selective where only the champion becomes ONE PLAYER of the house! <br \/><br \/>THE POINTS IN EACH \u201cRANK BIG PLAYER OR RANK BPB\u201d TOURNAMENT may change at any time, as the end of the RANKING approaches. <br \/><br \/>CONSULT the prize pool in the tournament lobby and track the score here. <br \/><br \/>THE CHAMPION OF EVERY MONTH \u2013 goes straight to the REALITY SHOW, signs his contract with BIG PLAYER BRAZIL and begins to be part of POKER history. <br \/><br \/>EACH RANKING STARTS AT THE BEGINNING OF THE MONTH, WHEN WE WILL ANNOUNCE THE NUMBER OF STEPS. <br \/>GOOD GAME TO ALL\u2026 And remember, it&#039;s no use being good, YOU HAVE TO BE A BIG PLAYER! <\/p><p>BIG PLAYER BONUS TICKETS NOT USED IN THE SELECTIVE, AS WELL AS RANKING CHAMPION TICKETS will be discarded.<\/p><\/div>\n\t\t\t\t<\/div>\n\t\t\t\t\t<\/div>\n\t\t\t\t<\/div>\n\t\t\t\t<\/div>\n\t\t\t\t<div class=\"elementor-element elementor-element-36cd1cf elementor-widget elementor-widget-spacer\" data-id=\"36cd1cf\" data-element_type=\"widget\" data-settings=\"{&quot;ekit_we_effect_on&quot;:&quot;none&quot;}\" data-widget_type=\"spacer.default\">\n\t\t\t\t<div class=\"elementor-widget-container\">\n\t\t\t\t\t<div class=\"elementor-spacer\">\n\t\t\t<div class=\"elementor-spacer-inner\"><\/div>\n\t\t<\/div>\n\t\t\t\t<\/div>\n\t\t\t\t<\/div>\n\t\t\t\t\t\t<\/div>\n\t\t\t\t\t<\/div>\n\t\t<\/div>\n\t\t\t\t\t\t\t\t<\/div>\n\t\t\t\t\t<\/div>\n\t\t<\/section>\n\t\t\t\t\t\t<\/div>\n\t\t\t\t\t<\/div>\n\t\t<\/div>\n\t\t\t\t\t\t\t\t<\/div>\n\t\t\t\t\t<\/div>\n\t\t<\/section>\n\t\t\t\t<section class=\"elementor-section elementor-top-section elementor-element elementor-element-be6b8cc elementor-section-boxed elementor-section-height-default elementor-section-height-default\" data-id=\"be6b8cc\" data-element_type=\"section\">\n\t\t\t\t\t\t<div class=\"elementor-container elementor-column-gap-default\">\n\t\t\t\t\t\t\t<div class=\"elementor-row\">\n\t\t\t\t\t<div class=\"elementor-column elementor-col-100 elementor-top-column elementor-element elementor-element-19960a0\" data-id=\"19960a0\" data-element_type=\"column\">\n\t\t\t<div class=\"elementor-column-wrap elementor-element-populated\">\n\t\t\t\t\t\t\t<div class=\"elementor-widget-wrap\">\n\t\t\t\t\t\t<div class=\"elementor-element elementor-element-aa86e9f elementor-widget elementor-widget-shortcode\" data-id=\"aa86e9f\" data-element_type=\"widget\" data-settings=\"{&quot;ekit_we_effect_on&quot;:&quot;none&quot;}\" data-widget_type=\"shortcode.default\">\n\t\t\t\t<div class=\"elementor-widget-container\">\n\t\t\t\t\t<div class=\"elementor-shortcode\"><p style=\"padding-left:10px;\"><a class=\"s_pdf_download_link\" href=\"https:\/\/bigplayerbrazil.com.br\/wp-content\/uploads\/2021\/01\/RANKING-GERAL-BIG-PLAYER-BRAZIL-FEVEREIRO-2021-ultimo-do-capeta.pdf\" download><button style=\"margin-bottom:10px;background-color:;\" class=\"ppv_download_bttn\">Download File<\/button><\/a><\/p>        <div class=\"ppv_wrapper\" style=\"position: relative;width:100%; height:600px;\">\r\n            <iframe id=\"s_pdf_frame\" src=\"\/\/docs.google.com\/gview?embedded=true&#038;url=https:\/\/bigplayerbrazil.com.br\/wp-content\/uploads\/2021\/01\/RANKING-GERAL-BIG-PLAYER-BRAZIL-FEVEREIRO-2021-ultimo-do-capeta.pdf\" style=\"float:left; padding:10px;width:100%; height:600px;\" frameborder=\"0\"><\/iframe>\r\n                    <\/div>\r\n        \r\n        <\/div>\n\t\t\t\t<\/div>\n\t\t\t\t<\/div>\n\t\t\t\t\t\t<\/div>\n\t\t\t\t\t<\/div>\n\t\t<\/div>\n\t\t\t\t\t\t\t\t<\/div>\n\t\t\t\t\t<\/div>\n\t\t<\/section>\n\t\t\t\t<section class=\"elementor-section elementor-top-section elementor-element elementor-element-9b847bf elementor-section-boxed elementor-section-height-default elementor-section-height-default\" data-id=\"9b847bf\" data-element_type=\"section\">\n\t\t\t\t\t\t<div class=\"elementor-container elementor-column-gap-default\">\n\t\t\t\t\t\t\t<div class=\"elementor-row\">\n\t\t\t\t\t<div class=\"elementor-column elementor-col-100 elementor-top-column elementor-element elementor-element-40e6082\" data-id=\"40e6082\" data-element_type=\"column\">\n\t\t\t<div class=\"elementor-column-wrap elementor-element-populated\">\n\t\t\t\t\t\t\t<div class=\"elementor-widget-wrap\">\n\t\t\t\t\t\t<div class=\"elementor-element elementor-element-a3c620f elementor-widget elementor-widget-shortcode\" data-id=\"a3c620f\" data-element_type=\"widget\" data-settings=\"{&quot;ekit_we_effect_on&quot;:&quot;none&quot;}\" data-widget_type=\"shortcode.default\">\n\t\t\t\t<div class=\"elementor-widget-container\">\n\t\t\t\t\t<div class=\"elementor-shortcode\"><p style=\"padding-left:10px;\"><a class=\"s_pdf_download_link\" href=\"https:\/\/bigplayerbrazil.com.br\/wp-content\/uploads\/2021\/01\/RANKING-GERAL-BIG-PLAYER-BRAZIL-FEVEREIRO-2021-ultimo-do-capeta.pdf\" download><button style=\"margin-bottom:10px;background-color:;\" class=\"ppv_download_bttn\">Download File<\/button><\/a><\/p>        <div class=\"ppv_wrapper\" style=\"position: relative;width:100%; height:600px;\">\r\n            <iframe id=\"s_pdf_frame\" src=\"\/\/docs.google.com\/gview?embedded=true&#038;url=https:\/\/bigplayerbrazil.com.br\/wp-content\/uploads\/2021\/01\/RANKING-GERAL-BIG-PLAYER-BRAZIL-FEVEREIRO-2021-ultimo-do-capeta.pdf\" style=\"float:left; padding:10px;width:100%; height:600px;\" frameborder=\"0\"><\/iframe>\r\n                    <\/div>\r\n        \r\n        <\/div>\n\t\t\t\t<\/div>\n\t\t\t\t<\/div>\n\t\t\t\t\t\t<\/div>\n\t\t\t\t\t<\/div>\n\t\t<\/div>\n\t\t\t\t\t\t\t\t<\/div>\n\t\t\t\t\t<\/div>\n\t\t<\/section>\n\t\t\t\t\t\t<\/div>\n\t\t\t\t\t\t<\/div>\n\t\t\t\t\t<\/div>","protected":false},"excerpt":{"rendered":"<p>Confira o Ranking abaixo FEVEREIRO\/2021 Ver Regulamento REGULAMENTO \u2013 VAGA RANKING BIG PLAYER MENSAL Em nossa SUPER LIGA, voc\u00ea que almeja ser um dos 36 participantes do Primeiro Reality Show de Poker do MUNDO, precisa ficar ligado em nossos torneios ranqueados. ELES estar\u00e3o no Lobby com a PALAVRA \u201c RANK BIG PLAYER\u201d OU RANK BPB. &hellip;<\/p>\n<p class=\"read-more\"> <a class=\"\" href=\"https:\/\/bigplayerbrazil.com.br\/en\/ranking-2\/\"> <span class=\"screen-reader-text\">Ranking<\/span> Read More \u00bb<\/a><\/p>","protected":false},"author":1,"featured_media":5105,"parent":0,"menu_order":0,"comment_status":"closed","ping_status":"closed","template":"","meta":{"site-sidebar-layout":"no-sidebar","site-content-layout":"page-builder","ast-main-header-display":"","ast-hfb-above-header-display":"","ast-hfb-below-header-display":"","ast-hfb-mobile-header-display":"","site-post-title":"disabled","ast-breadcrumbs-content":"","ast-featured-img":"disabled","footer-sml-layout":"","theme-transparent-header-meta":"default","adv-header-id-meta":"","stick-header-meta":"","header-above-stick-meta":"","header-main-stick-meta":"","header-below-stick-meta":""},"yoast_head":"<!-- This site is optimized with the Yoast SEO plugin v19.1 - https:\/\/yoast.com\/wordpress\/plugins\/seo\/ -->\n<title>Big Player Brazil - O Primeiro Reality Show de Poker - Concorra a 1 Milh\u00e3o<\/title>\n<meta name=\"description\" content=\"O Primeiro Reality Show de Poker! Ser\u00e3o 36 Players em um resort numa praia paradis\u00edaca disputando 1 MILH\u00c3O de Reais e o t\u00edtulo de Big Player Brazil!\" \/>\n<meta name=\"robots\" content=\"index, follow, max-snippet:-1, max-image-preview:large, max-video-preview:-1\" \/>\n<link rel=\"canonical\" href=\"https:\/\/bigplayerbrazil.com.br\/en\/ranking-2\/\" \/>\n<meta property=\"og:locale\" content=\"en_US\" \/>\n<meta property=\"og:type\" content=\"article\" \/>\n<meta property=\"og:title\" content=\"Big Player Brazil - O Primeiro Reality Show de Poker - Concorra a 1 Milh\u00e3o\" \/>\n<meta property=\"og:description\" content=\"O Primeiro Reality Show de Poker! Ser\u00e3o 36 Players em um resort numa praia paradis\u00edaca disputando 1 MILH\u00c3O de Reais e o t\u00edtulo de Big Player Brazil!\" \/>\n<meta property=\"og:url\" content=\"https:\/\/bigplayerbrazil.com.br\/en\/ranking-2\/\" \/>\n<meta property=\"og:site_name\" content=\"Big Player Brazil\" \/>\n<meta property=\"article:publisher\" content=\"https:\/\/www.facebook.com\/bigplayerbrazil\/\" \/>\n<meta property=\"article:modified_time\" content=\"2021-02-08T12:57:04+00:00\" \/>\n<meta property=\"og:image\" content=\"https:\/\/bigplayerbrazil.com.br\/wp-content\/uploads\/2020\/03\/logo-fav.png\" \/>\n\t<meta property=\"og:image:width\" content=\"512\" \/>\n\t<meta property=\"og:image:height\" content=\"512\" \/>\n\t<meta property=\"og:image:type\" content=\"image\/png\" \/>\n<meta name=\"twitter:card\" content=\"summary_large_image\" \/>\n<meta name=\"twitter:label1\" content=\"Est. reading time\" \/>\n\t<meta name=\"twitter:data1\" content=\"1 minute\" \/>\n<script type=\"application\/ld+json\" class=\"yoast-schema-graph\">{\"@context\":\"https:\/\/schema.org\",\"@graph\":[{\"@type\":\"Organization\",\"@id\":\"https:\/\/bigplayerbrazil.com.br\/#organization\",\"name\":\"BigPlayerBrazil\",\"url\":\"https:\/\/bigplayerbrazil.com.br\/\",\"sameAs\":[\"https:\/\/www.instagram.com\/bigplayerbrazil\/\",\"https:\/\/www.youtube.com\/channel\/UCLIfBrkcPDcFkbdzRy8Vo0w\",\"https:\/\/www.facebook.com\/bigplayerbrazil\/\"],\"logo\":{\"@type\":\"ImageObject\",\"inLanguage\":\"en-US\",\"@id\":\"https:\/\/bigplayerbrazil.com.br\/#\/schema\/logo\/image\/\",\"url\":\"https:\/\/bigplayerbrazil.com.br\/wp-content\/uploads\/2020\/02\/Logo-Apoio.png\",\"contentUrl\":\"https:\/\/bigplayerbrazil.com.br\/wp-content\/uploads\/2020\/02\/Logo-Apoio.png\",\"width\":300,\"height\":232,\"caption\":\"BigPlayerBrazil\"},\"image\":{\"@id\":\"https:\/\/bigplayerbrazil.com.br\/#\/schema\/logo\/image\/\"}},{\"@type\":\"WebSite\",\"@id\":\"https:\/\/bigplayerbrazil.com.br\/#website\",\"url\":\"https:\/\/bigplayerbrazil.com.br\/\",\"name\":\"Big Player Brazil\",\"description\":\"\",\"publisher\":{\"@id\":\"https:\/\/bigplayerbrazil.com.br\/#organization\"},\"potentialAction\":[{\"@type\":\"SearchAction\",\"target\":{\"@type\":\"EntryPoint\",\"urlTemplate\":\"https:\/\/bigplayerbrazil.com.br\/?s={search_term_string}\"},\"query-input\":\"required name=search_term_string\"}],\"inLanguage\":\"en-US\"},{\"@type\":\"ImageObject\",\"inLanguage\":\"en-US\",\"@id\":\"https:\/\/bigplayerbrazil.com.br\/ranking-2\/#primaryimage\",\"url\":\"https:\/\/bigplayerbrazil.com.br\/wp-content\/uploads\/2020\/03\/logo-fav.png\",\"contentUrl\":\"https:\/\/bigplayerbrazil.com.br\/wp-content\/uploads\/2020\/03\/logo-fav.png\",\"width\":512,\"height\":512},{\"@type\":\"WebPage\",\"@id\":\"https:\/\/bigplayerbrazil.com.br\/ranking-2\/#webpage\",\"url\":\"https:\/\/bigplayerbrazil.com.br\/ranking-2\/\",\"name\":\"Big Player Brazil - O Primeiro Reality Show de Poker - Concorra a 1 Milh\u00e3o\",\"isPartOf\":{\"@id\":\"https:\/\/bigplayerbrazil.com.br\/#website\"},\"primaryImageOfPage\":{\"@id\":\"https:\/\/bigplayerbrazil.com.br\/ranking-2\/#primaryimage\"},\"datePublished\":\"2021-01-07T17:17:26+00:00\",\"dateModified\":\"2021-02-08T12:57:04+00:00\",\"description\":\"O Primeiro Reality Show de Poker! Ser\u00e3o 36 Players em um resort numa praia paradis\u00edaca disputando 1 MILH\u00c3O de Reais e o t\u00edtulo de Big Player Brazil!\",\"breadcrumb\":{\"@id\":\"https:\/\/bigplayerbrazil.com.br\/ranking-2\/#breadcrumb\"},\"inLanguage\":\"en-US\",\"potentialAction\":[{\"@type\":\"ReadAction\",\"target\":[\"https:\/\/bigplayerbrazil.com.br\/ranking-2\/\"]}]},{\"@type\":\"BreadcrumbList\",\"@id\":\"https:\/\/bigplayerbrazil.com.br\/ranking-2\/#breadcrumb\",\"itemListElement\":[{\"@type\":\"ListItem\",\"position\":1,\"name\":\"In\u00edcio\",\"item\":\"https:\/\/bigplayerbrazil.com.br\/\"},{\"@type\":\"ListItem\",\"position\":2,\"name\":\"Ranking\"}]}]}<\/script>\n<!-- \/ Yoast SEO plugin. -->","yoast_head_json":{"title":"Big Player Brazil - O Primeiro Reality Show de Poker - Concorra a 1 Milh\u00e3o","description":"O Primeiro Reality Show de Poker! Ser\u00e3o 36 Players em um resort numa praia paradis\u00edaca disputando 1 MILH\u00c3O de Reais e o t\u00edtulo de Big Player Brazil!","robots":{"index":"index","follow":"follow","max-snippet":"max-snippet:-1","max-image-preview":"max-image-preview:large","max-video-preview":"max-video-preview:-1"},"canonical":"https:\/\/bigplayerbrazil.com.br\/en\/ranking-2\/","og_locale":"en_US","og_type":"article","og_title":"Big Player Brazil - O Primeiro Reality Show de Poker - Concorra a 1 Milh\u00e3o","og_description":"O Primeiro Reality Show de Poker! Ser\u00e3o 36 Players em um resort numa praia paradis\u00edaca disputando 1 MILH\u00c3O de Reais e o t\u00edtulo de Big Player Brazil!","og_url":"https:\/\/bigplayerbrazil.com.br\/en\/ranking-2\/","og_site_name":"Big Player Brazil","article_publisher":"https:\/\/www.facebook.com\/bigplayerbrazil\/","article_modified_time":"2021-02-08T12:57:04+00:00","og_image":[{"width":512,"height":512,"url":"https:\/\/bigplayerbrazil.com.br\/wp-content\/uploads\/2020\/03\/logo-fav.png","type":"image\/png"}],"twitter_card":"summary_large_image","twitter_misc":{"Est. reading time":"1 minute"},"schema":{"@context":"https:\/\/schema.org","@graph":[{"@type":"Organization","@id":"https:\/\/bigplayerbrazil.com.br\/#organization","name":"BigPlayerBrazil","url":"https:\/\/bigplayerbrazil.com.br\/","sameAs":["https:\/\/www.instagram.com\/bigplayerbrazil\/","https:\/\/www.youtube.com\/channel\/UCLIfBrkcPDcFkbdzRy8Vo0w","https:\/\/www.facebook.com\/bigplayerbrazil\/"],"logo":{"@type":"ImageObject","inLanguage":"en-US","@id":"https:\/\/bigplayerbrazil.com.br\/#\/schema\/logo\/image\/","url":"https:\/\/bigplayerbrazil.com.br\/wp-content\/uploads\/2020\/02\/Logo-Apoio.png","contentUrl":"https:\/\/bigplayerbrazil.com.br\/wp-content\/uploads\/2020\/02\/Logo-Apoio.png","width":300,"height":232,"caption":"BigPlayerBrazil"},"image":{"@id":"https:\/\/bigplayerbrazil.com.br\/#\/schema\/logo\/image\/"}},{"@type":"WebSite","@id":"https:\/\/bigplayerbrazil.com.br\/#website","url":"https:\/\/bigplayerbrazil.com.br\/","name":"Big Player Brazil","description":"","publisher":{"@id":"https:\/\/bigplayerbrazil.com.br\/#organization"},"potentialAction":[{"@type":"SearchAction","target":{"@type":"EntryPoint","urlTemplate":"https:\/\/bigplayerbrazil.com.br\/?s={search_term_string}"},"query-input":"required name=search_term_string"}],"inLanguage":"en-US"},{"@type":"ImageObject","inLanguage":"en-US","@id":"https:\/\/bigplayerbrazil.com.br\/ranking-2\/#primaryimage","url":"https:\/\/bigplayerbrazil.com.br\/wp-content\/uploads\/2020\/03\/logo-fav.png","contentUrl":"https:\/\/bigplayerbrazil.com.br\/wp-content\/uploads\/2020\/03\/logo-fav.png","width":512,"height":512},{"@type":"WebPage","@id":"https:\/\/bigplayerbrazil.com.br\/ranking-2\/#webpage","url":"https:\/\/bigplayerbrazil.com.br\/ranking-2\/","name":"Big Player Brazil - O Primeiro Reality Show de Poker - Concorra a 1 Milh\u00e3o","isPartOf":{"@id":"https:\/\/bigplayerbrazil.com.br\/#website"},"primaryImageOfPage":{"@id":"https:\/\/bigplayerbrazil.com.br\/ranking-2\/#primaryimage"},"datePublished":"2021-01-07T17:17:26+00:00","dateModified":"2021-02-08T12:57:04+00:00","description":"O Primeiro Reality Show de Poker! Ser\u00e3o 36 Players em um resort numa praia paradis\u00edaca disputando 1 MILH\u00c3O de Reais e o t\u00edtulo de Big Player Brazil!","breadcrumb":{"@id":"https:\/\/bigplayerbrazil.com.br\/ranking-2\/#breadcrumb"},"inLanguage":"en-US","potentialAction":[{"@type":"ReadAction","target":["https:\/\/bigplayerbrazil.com.br\/ranking-2\/"]}]},{"@type":"BreadcrumbList","@id":"https:\/\/bigplayerbrazil.com.br\/ranking-2\/#breadcrumb","itemListElement":[{"@type":"ListItem","position":1,"name":"In\u00edcio","item":"https:\/\/bigplayerbrazil.com.br\/"},{"@type":"ListItem","position":2,"name":"Ranking"}]}]}},"_links":{"self":[{"href":"https:\/\/bigplayerbrazil.com.br\/en\/wp-json\/wp\/v2\/pages\/8444"}],"collection":[{"href":"https:\/\/bigplayerbrazil.com.br\/en\/wp-json\/wp\/v2\/pages"}],"about":[{"href":"https:\/\/bigplayerbrazil.com.br\/en\/wp-json\/wp\/v2\/types\/page"}],"author":[{"embeddable":true,"href":"https:\/\/bigplayerbrazil.com.br\/en\/wp-json\/wp\/v2\/users\/1"}],"replies":[{"embeddable":true,"href":"https:\/\/bigplayerbrazil.com.br\/en\/wp-json\/wp\/v2\/comments?post=8444"}],"version-history":[{"count":42,"href":"https:\/\/bigplayerbrazil.com.br\/en\/wp-json\/wp\/v2\/pages\/8444\/revisions"}],"predecessor-version":[{"id":8551,"href":"https:\/\/bigplayerbrazil.com.br\/en\/wp-json\/wp\/v2\/pages\/8444\/revisions\/8551"}],"wp:featuredmedia":[{"embeddable":true,"href":"https:\/\/bigplayerbrazil.com.br\/en\/wp-json\/wp\/v2\/media\/5105"}],"wp:attachment":[{"href":"https:\/\/bigplayerbrazil.com.br\/en\/wp-json\/wp\/v2\/media?parent=8444"}],"curies":[{"name":"wp","href":"https:\/\/api.w.org\/{rel}","templated":true}]}}