{"id":62,"date":"2020-01-15T01:56:35","date_gmt":"2020-01-15T04:56:35","guid":{"rendered":"https:\/\/177.234.152.18\/~bigplaye\/?page_id=62"},"modified":"2024-02-02T17:13:30","modified_gmt":"2024-02-02T20:13:30","slug":"reality-show-poker","status":"publish","type":"page","link":"https:\/\/bigplayerbrazil.com.br\/en\/","title":{"rendered":"home"},"content":{"rendered":"<div data-elementor-type=\"wp-page\" data-elementor-id=\"62\" class=\"elementor elementor-62\" data-elementor-settings=\"[]\">\n\t\t\t\t\t\t<div class=\"elementor-inner\">\n\t\t\t\t\t\t\t<div class=\"elementor-section-wrap\">\n\t\t\t\t\t\t\t<section class=\"elementor-section elementor-top-section elementor-element elementor-element-25a2f79 elementor-section-full_width elementor-section-height-default elementor-section-height-default\" data-id=\"25a2f79\" data-element_type=\"section\" data-settings=\"{&quot;background_background&quot;:&quot;classic&quot;}\">\n\t\t\t\t\t\t\t<div class=\"elementor-background-overlay\"><\/div>\n\t\t\t\t\t\t\t<div class=\"elementor-container elementor-column-gap-default\">\n\t\t\t\t\t\t\t<div class=\"elementor-row\">\n\t\t\t\t\t<div class=\"elementor-column elementor-col-100 elementor-top-column elementor-element elementor-element-7e8e87d\" data-id=\"7e8e87d\" data-element_type=\"column\">\n\t\t\t<div class=\"elementor-column-wrap elementor-element-populated\">\n\t\t\t\t\t\t\t<div class=\"elementor-widget-wrap\">\n\t\t\t\t\t\t<div class=\"elementor-element elementor-element-7bae7d7 elementor-widget__width-inherit elementor-aspect-ratio-169 elementor-widget elementor-widget-video\" data-id=\"7bae7d7\" data-element_type=\"widget\" data-settings=\"{&quot;aspect_ratio&quot;:&quot;169&quot;,&quot;ekit_we_effect_on&quot;:&quot;none&quot;}\" data-widget_type=\"video.default\">\n\t\t\t\t<div class=\"elementor-widget-container\">\n\t\t\t\t\t<div class=\"elementor-wrapper elementor-fit-aspect-ratio elementor-open-inline\">\n\t\t\t<iframe class=\"elementor-video-iframe\" allowfullscreen title=\"vimeo Video Player\" src=\"https:\/\/player.vimeo.com\/video\/891510304?autoplay=1&amp;playsinline=1&amp;color&amp;autopause=0&amp;loop=1&amp;muted=0&amp;title=1&amp;portrait=1&amp;byline=1#t=\"><\/iframe>\t\t<\/div>\n\t\t\t\t<\/div>\n\t\t\t\t<\/div>\n\t\t\t\t\t\t<\/div>\n\t\t\t\t\t<\/div>\n\t\t<\/div>\n\t\t\t\t\t\t\t\t<\/div>\n\t\t\t\t\t<\/div>\n\t\t<\/section>\n\t\t\t\t<section class=\"elementor-section elementor-top-section elementor-element elementor-element-7459e96 elementor-section-boxed elementor-section-height-default elementor-section-height-default\" data-id=\"7459e96\" data-element_type=\"section\" data-settings=\"{&quot;background_background&quot;:&quot;classic&quot;}\">\n\t\t\t\t\t\t\t<div class=\"elementor-background-overlay\"><\/div>\n\t\t\t\t\t\t\t<div class=\"elementor-container elementor-column-gap-default\">\n\t\t\t\t\t\t\t<div class=\"elementor-row\">\n\t\t\t\t\t<div class=\"elementor-column elementor-col-100 elementor-top-column elementor-element elementor-element-0c31d13\" data-id=\"0c31d13\" data-element_type=\"column\">\n\t\t\t<div class=\"elementor-column-wrap elementor-element-populated\">\n\t\t\t\t\t\t\t<div class=\"elementor-widget-wrap\">\n\t\t\t\t\t\t<div class=\"elementor-element elementor-element-af8da0b elementor-widget elementor-widget-spacer\" data-id=\"af8da0b\" data-element_type=\"widget\" data-settings=\"{&quot;ekit_we_effect_on&quot;:&quot;none&quot;}\" data-widget_type=\"spacer.default\">\n\t\t\t\t<div class=\"elementor-widget-container\">\n\t\t\t\t\t<div class=\"elementor-spacer\">\n\t\t\t<div class=\"elementor-spacer-inner\"><\/div>\n\t\t<\/div>\n\t\t\t\t<\/div>\n\t\t\t\t<\/div>\n\t\t\t\t<section class=\"elementor-section elementor-inner-section elementor-element elementor-element-3e06770 elementor-section-boxed elementor-section-height-default elementor-section-height-default\" data-id=\"3e06770\" data-element_type=\"section\">\n\t\t\t\t\t\t<div class=\"elementor-container elementor-column-gap-narrow\">\n\t\t\t\t\t\t\t<div class=\"elementor-row\">\n\t\t\t\t\t<div class=\"elementor-column elementor-col-100 elementor-inner-column elementor-element elementor-element-c0aadc3\" data-id=\"c0aadc3\" data-element_type=\"column\">\n\t\t\t<div class=\"elementor-column-wrap\">\n\t\t\t\t\t\t\t<div class=\"elementor-widget-wrap\">\n\t\t\t\t\t\t\t\t<\/div>\n\t\t\t\t\t<\/div>\n\t\t<\/div>\n\t\t\t\t\t\t\t\t<\/div>\n\t\t\t\t\t<\/div>\n\t\t<\/section>\n\t\t\t\t<div class=\"elementor-element elementor-element-1d4312d elementor-widget elementor-widget-spacer\" data-id=\"1d4312d\" data-element_type=\"widget\" data-settings=\"{&quot;ekit_we_effect_on&quot;:&quot;none&quot;}\" data-widget_type=\"spacer.default\">\n\t\t\t\t<div class=\"elementor-widget-container\">\n\t\t\t\t\t<div class=\"elementor-spacer\">\n\t\t\t<div class=\"elementor-spacer-inner\"><\/div>\n\t\t<\/div>\n\t\t\t\t<\/div>\n\t\t\t\t<\/div>\n\t\t\t\t\t\t<\/div>\n\t\t\t\t\t<\/div>\n\t\t<\/div>\n\t\t\t\t\t\t\t\t<\/div>\n\t\t\t\t\t<\/div>\n\t\t<\/section>\n\t\t\t\t<section class=\"elementor-section elementor-top-section elementor-element elementor-element-cd97d08 elementor-section-stretched elementor-section-full_width elementor-section-height-default elementor-section-height-default\" data-id=\"cd97d08\" data-element_type=\"section\" data-settings=\"{&quot;stretch_section&quot;:&quot;section-stretched&quot;,&quot;background_background&quot;:&quot;classic&quot;}\">\n\t\t\t\t\t\t\t<div class=\"elementor-background-overlay\"><\/div>\n\t\t\t\t\t\t\t<div class=\"elementor-container elementor-column-gap-default\">\n\t\t\t\t\t\t\t<div class=\"elementor-row\">\n\t\t\t\t\t<div class=\"elementor-column elementor-col-100 elementor-top-column elementor-element elementor-element-69278dc\" data-id=\"69278dc\" data-element_type=\"column\">\n\t\t\t<div class=\"elementor-column-wrap elementor-element-populated\">\n\t\t\t\t\t\t\t<div class=\"elementor-widget-wrap\">\n\t\t\t\t\t\t<div class=\"elementor-element elementor-element-5e70ed7 elementor-widget elementor-widget-spacer\" data-id=\"5e70ed7\" data-element_type=\"widget\" data-settings=\"{&quot;ekit_we_effect_on&quot;:&quot;none&quot;}\" data-widget_type=\"spacer.default\">\n\t\t\t\t<div class=\"elementor-widget-container\">\n\t\t\t\t\t<div class=\"elementor-spacer\">\n\t\t\t<div class=\"elementor-spacer-inner\"><\/div>\n\t\t<\/div>\n\t\t\t\t<\/div>\n\t\t\t\t<\/div>\n\t\t\t\t<div class=\"elementor-element elementor-element-0ef8a28 elementor-widget elementor-widget-image\" data-id=\"0ef8a28\" data-element_type=\"widget\" data-settings=\"{&quot;ekit_we_effect_on&quot;:&quot;none&quot;}\" data-widget_type=\"image.default\">\n\t\t\t\t<div class=\"elementor-widget-container\">\n\t\t\t\t\t<div class=\"elementor-image\">\n\t\t\t\t\t\t\t\t\t\t<img width=\"2000\" height=\"640\" src=\"https:\/\/bigplayerbrazil.com.br\/wp-content\/uploads\/2021\/12\/local.png\" class=\"attachment-full size-full\" alt=\"\" srcset=\"https:\/\/bigplayerbrazil.com.br\/wp-content\/uploads\/2021\/12\/local.png 2000w, https:\/\/bigplayerbrazil.com.br\/wp-content\/uploads\/2021\/12\/local-300x96.png 300w, https:\/\/bigplayerbrazil.com.br\/wp-content\/uploads\/2021\/12\/local-1024x328.png 1024w, https:\/\/bigplayerbrazil.com.br\/wp-content\/uploads\/2021\/12\/local-768x246.png 768w, https:\/\/bigplayerbrazil.com.br\/wp-content\/uploads\/2021\/12\/local-1536x492.png 1536w, https:\/\/bigplayerbrazil.com.br\/wp-content\/uploads\/2021\/12\/local-18x6.png 18w\" sizes=\"(max-width: 2000px) 100vw, 2000px\" \/>\t\t\t\t\t\t\t\t\t\t\t<\/div>\n\t\t\t\t<\/div>\n\t\t\t\t<\/div>\n\t\t\t\t\t\t<\/div>\n\t\t\t\t\t<\/div>\n\t\t<\/div>\n\t\t\t\t\t\t\t\t<\/div>\n\t\t\t\t\t<\/div>\n\t\t<\/section>\n\t\t\t\t<section class=\"elementor-section elementor-top-section elementor-element elementor-element-c7b3431 elementor-section-boxed elementor-section-height-default elementor-section-height-default\" data-id=\"c7b3431\" data-element_type=\"section\" data-settings=\"{&quot;background_background&quot;:&quot;classic&quot;}\">\n\t\t\t\t\t\t\t<div class=\"elementor-background-overlay\"><\/div>\n\t\t\t\t\t\t\t<div class=\"elementor-container elementor-column-gap-narrow\">\n\t\t\t\t\t\t\t<div class=\"elementor-row\">\n\t\t\t\t\t<div class=\"elementor-column elementor-col-100 elementor-top-column elementor-element elementor-element-9a80ffc\" data-id=\"9a80ffc\" data-element_type=\"column\">\n\t\t\t<div class=\"elementor-column-wrap elementor-element-populated\">\n\t\t\t\t\t\t\t<div class=\"elementor-widget-wrap\">\n\t\t\t\t\t\t<section class=\"elementor-section elementor-inner-section elementor-element elementor-element-9b338f8 elementor-section-boxed elementor-section-height-default elementor-section-height-default\" data-id=\"9b338f8\" data-element_type=\"section\">\n\t\t\t\t\t\t<div class=\"elementor-container elementor-column-gap-default\">\n\t\t\t\t\t\t\t<div class=\"elementor-row\">\n\t\t\t\t\t<div class=\"elementor-column elementor-col-100 elementor-inner-column elementor-element elementor-element-da9676b\" data-id=\"da9676b\" data-element_type=\"column\">\n\t\t\t<div class=\"elementor-column-wrap elementor-element-populated\">\n\t\t\t\t\t\t\t<div class=\"elementor-widget-wrap\">\n\t\t\t\t\t\t<div class=\"elementor-element elementor-element-a5c93e9 elementor-arrows-position-inside elementor-pagination-position-outside elementor-widget elementor-widget-image-carousel\" data-id=\"a5c93e9\" data-element_type=\"widget\" data-settings=\"{&quot;slides_to_show&quot;:&quot;3&quot;,&quot;navigation&quot;:&quot;both&quot;,&quot;autoplay&quot;:&quot;yes&quot;,&quot;pause_on_hover&quot;:&quot;yes&quot;,&quot;pause_on_interaction&quot;:&quot;yes&quot;,&quot;autoplay_speed&quot;:5000,&quot;infinite&quot;:&quot;yes&quot;,&quot;speed&quot;:500,&quot;ekit_we_effect_on&quot;:&quot;none&quot;}\" data-widget_type=\"image-carousel.default\">\n\t\t\t\t<div class=\"elementor-widget-container\">\n\t\t\t\t\t<div class=\"elementor-image-carousel-wrapper swiper-container\" dir=\"ltr\">\n\t\t\t<div class=\"elementor-image-carousel swiper-wrapper\">\n\t\t\t\t<div class=\"swiper-slide\"><figure class=\"swiper-slide-inner\"><img class=\"swiper-slide-image\" src=\"https:\/\/bigplayerbrazil.com.br\/wp-content\/uploads\/2020\/01\/casa3.png\" alt=\"casa3\" \/><\/figure><\/div><div class=\"swiper-slide\"><figure class=\"swiper-slide-inner\"><img class=\"swiper-slide-image\" src=\"https:\/\/bigplayerbrazil.com.br\/wp-content\/uploads\/2020\/01\/casa4.png\" alt=\"casa4\" \/><\/figure><\/div><div class=\"swiper-slide\"><figure class=\"swiper-slide-inner\"><img class=\"swiper-slide-image\" src=\"https:\/\/bigplayerbrazil.com.br\/wp-content\/uploads\/2020\/01\/casa1.png\" alt=\"casa1\" \/><\/figure><\/div><div class=\"swiper-slide\"><figure class=\"swiper-slide-inner\"><img class=\"swiper-slide-image\" src=\"https:\/\/bigplayerbrazil.com.br\/wp-content\/uploads\/2020\/01\/casa2.png\" alt=\"casa2\" \/><\/figure><\/div>\t\t\t<\/div>\n\t\t\t\t\t\t\t\t\t\t\t\t<div class=\"swiper-pagination\"><\/div>\n\t\t\t\t\t\t\t\t\t\t\t\t\t<div class=\"elementor-swiper-button elementor-swiper-button-prev\">\n\t\t\t\t\t\t<i class=\"eicon-chevron-left\" aria-hidden=\"true\"><\/i>\n\t\t\t\t\t\t<span class=\"elementor-screen-only\">Previous<\/span>\n\t\t\t\t\t<\/div>\n\t\t\t\t\t<div class=\"elementor-swiper-button elementor-swiper-button-next\">\n\t\t\t\t\t\t<i class=\"eicon-chevron-right\" aria-hidden=\"true\"><\/i>\n\t\t\t\t\t\t<span class=\"elementor-screen-only\">Next<\/span>\n\t\t\t\t\t<\/div>\n\t\t\t\t\t\t\t\t\t<\/div>\n\t\t\t\t<\/div>\n\t\t\t\t<\/div>\n\t\t\t\t\t\t<\/div>\n\t\t\t\t\t<\/div>\n\t\t<\/div>\n\t\t\t\t\t\t\t\t<\/div>\n\t\t\t\t\t<\/div>\n\t\t<\/section>\n\t\t\t\t\t\t<\/div>\n\t\t\t\t\t<\/div>\n\t\t<\/div>\n\t\t\t\t\t\t\t\t<\/div>\n\t\t\t\t\t<\/div>\n\t\t<\/section>\n\t\t\t\t\t\t<\/div>\n\t\t\t\t\t\t<\/div>\n\t\t\t\t\t<\/div>","protected":false},"excerpt":{"rendered":"<p>Anterior Pr\u00f3ximo<\/p>","protected":false},"author":1,"featured_media":0,"parent":0,"menu_order":0,"comment_status":"closed","ping_status":"closed","template":"","meta":{"site-sidebar-layout":"no-sidebar","site-content-layout":"page-builder","ast-main-header-display":"","ast-hfb-above-header-display":"","ast-hfb-below-header-display":"","ast-hfb-mobile-header-display":"","site-post-title":"disabled","ast-breadcrumbs-content":"","ast-featured-img":"disabled","footer-sml-layout":"","theme-transparent-header-meta":"default","adv-header-id-meta":"","stick-header-meta":"","header-above-stick-meta":"","header-main-stick-meta":"","header-below-stick-meta":""},"yoast_head":"<!-- This site is optimized with the Yoast SEO plugin v19.1 - https:\/\/yoast.com\/wordpress\/plugins\/seo\/ -->\n<title>Big Player Brazil - O Primeiro Reality Show de Poker - Concorra a 1 Milh\u00e3o<\/title>\n<meta name=\"description\" content=\"O Primeiro Reality Show de Poker! Ser\u00e3o 36 Players em um resort numa praia paradis\u00edaca disputando 1 MILH\u00c3O de Reais e o t\u00edtulo de Big Player Brazil!\" \/>\n<meta name=\"robots\" content=\"index, follow, max-snippet:-1, max-image-preview:large, max-video-preview:-1\" \/>\n<link rel=\"canonical\" href=\"https:\/\/bigplayerbrazil.com.br\/en\/\" \/>\n<meta property=\"og:locale\" content=\"en_US\" \/>\n<meta property=\"og:type\" content=\"article\" \/>\n<meta property=\"og:title\" content=\"Big Player Brazil - O Primeiro Reality Show de Poker - Concorra a 1 Milh\u00e3o\" \/>\n<meta property=\"og:description\" content=\"O Primeiro Reality Show de Poker! Ser\u00e3o 36 Players em um resort numa praia paradis\u00edaca disputando 1 MILH\u00c3O de Reais e o t\u00edtulo de Big Player Brazil!\" \/>\n<meta property=\"og:url\" content=\"https:\/\/bigplayerbrazil.com.br\/en\/\" \/>\n<meta property=\"og:site_name\" content=\"Big Player Brazil\" \/>\n<meta property=\"article:publisher\" content=\"https:\/\/www.facebook.com\/bigplayerbrazil\/\" \/>\n<meta property=\"article:modified_time\" content=\"2024-02-02T20:13:30+00:00\" \/>\n<meta property=\"og:image\" content=\"https:\/\/bigplayerbrazil.com.br\/wp-content\/uploads\/2021\/12\/local.png\" \/>\n<meta name=\"twitter:card\" content=\"summary_large_image\" \/>\n<meta name=\"twitter:label1\" content=\"Est. reading time\" \/>\n\t<meta name=\"twitter:data1\" content=\"3 minutes\" \/>\n<script type=\"application\/ld+json\" class=\"yoast-schema-graph\">{\"@context\":\"https:\/\/schema.org\",\"@graph\":[{\"@type\":\"Organization\",\"@id\":\"https:\/\/bigplayerbrazil.com.br\/#organization\",\"name\":\"BigPlayerBrazil\",\"url\":\"https:\/\/bigplayerbrazil.com.br\/\",\"sameAs\":[\"https:\/\/www.instagram.com\/bigplayerbrazil\/\",\"https:\/\/www.youtube.com\/channel\/UCLIfBrkcPDcFkbdzRy8Vo0w\",\"https:\/\/www.facebook.com\/bigplayerbrazil\/\"],\"logo\":{\"@type\":\"ImageObject\",\"inLanguage\":\"en-US\",\"@id\":\"https:\/\/bigplayerbrazil.com.br\/#\/schema\/logo\/image\/\",\"url\":\"https:\/\/bigplayerbrazil.com.br\/wp-content\/uploads\/2020\/02\/Logo-Apoio.png\",\"contentUrl\":\"https:\/\/bigplayerbrazil.com.br\/wp-content\/uploads\/2020\/02\/Logo-Apoio.png\",\"width\":300,\"height\":232,\"caption\":\"BigPlayerBrazil\"},\"image\":{\"@id\":\"https:\/\/bigplayerbrazil.com.br\/#\/schema\/logo\/image\/\"}},{\"@type\":\"WebSite\",\"@id\":\"https:\/\/bigplayerbrazil.com.br\/#website\",\"url\":\"https:\/\/bigplayerbrazil.com.br\/\",\"name\":\"Big Player Brazil\",\"description\":\"\",\"publisher\":{\"@id\":\"https:\/\/bigplayerbrazil.com.br\/#organization\"},\"potentialAction\":[{\"@type\":\"SearchAction\",\"target\":{\"@type\":\"EntryPoint\",\"urlTemplate\":\"https:\/\/bigplayerbrazil.com.br\/?s={search_term_string}\"},\"query-input\":\"required name=search_term_string\"}],\"inLanguage\":\"en-US\"},{\"@type\":\"ImageObject\",\"inLanguage\":\"en-US\",\"@id\":\"https:\/\/bigplayerbrazil.com.br\/#primaryimage\",\"url\":\"https:\/\/bigplayerbrazil.com.br\/wp-content\/uploads\/2021\/12\/local.png\",\"contentUrl\":\"https:\/\/bigplayerbrazil.com.br\/wp-content\/uploads\/2021\/12\/local.png\",\"width\":2000,\"height\":640},{\"@type\":\"WebPage\",\"@id\":\"https:\/\/bigplayerbrazil.com.br\/#webpage\",\"url\":\"https:\/\/bigplayerbrazil.com.br\/\",\"name\":\"Big Player Brazil - O Primeiro Reality Show de Poker - Concorra a 1 Milh\u00e3o\",\"isPartOf\":{\"@id\":\"https:\/\/bigplayerbrazil.com.br\/#website\"},\"primaryImageOfPage\":{\"@id\":\"https:\/\/bigplayerbrazil.com.br\/#primaryimage\"},\"datePublished\":\"2020-01-15T04:56:35+00:00\",\"dateModified\":\"2024-02-02T20:13:30+00:00\",\"description\":\"O Primeiro Reality Show de Poker! Ser\u00e3o 36 Players em um resort numa praia paradis\u00edaca disputando 1 MILH\u00c3O de Reais e o t\u00edtulo de Big Player Brazil!\",\"breadcrumb\":{\"@id\":\"https:\/\/bigplayerbrazil.com.br\/#breadcrumb\"},\"inLanguage\":\"en-US\",\"potentialAction\":[{\"@type\":\"ReadAction\",\"target\":[\"https:\/\/bigplayerbrazil.com.br\/\"]}]},{\"@type\":\"BreadcrumbList\",\"@id\":\"https:\/\/bigplayerbrazil.com.br\/#breadcrumb\",\"itemListElement\":[{\"@type\":\"ListItem\",\"position\":1,\"name\":\"In\u00edcio\",\"item\":\"https:\/\/bigplayerbrazil.com.br\/\"},{\"@type\":\"ListItem\",\"position\":2,\"name\":\"Home\"}]}]}<\/script>\n<!-- \/ Yoast SEO plugin. -->","yoast_head_json":{"title":"Big Player Brazil - O Primeiro Reality Show de Poker - Concorra a 1 Milh\u00e3o","description":"O Primeiro Reality Show de Poker! Ser\u00e3o 36 Players em um resort numa praia paradis\u00edaca disputando 1 MILH\u00c3O de Reais e o t\u00edtulo de Big Player Brazil!","robots":{"index":"index","follow":"follow","max-snippet":"max-snippet:-1","max-image-preview":"max-image-preview:large","max-video-preview":"max-video-preview:-1"},"canonical":"https:\/\/bigplayerbrazil.com.br\/en\/","og_locale":"en_US","og_type":"article","og_title":"Big Player Brazil - O Primeiro Reality Show de Poker - Concorra a 1 Milh\u00e3o","og_description":"O Primeiro Reality Show de Poker! Ser\u00e3o 36 Players em um resort numa praia paradis\u00edaca disputando 1 MILH\u00c3O de Reais e o t\u00edtulo de Big Player Brazil!","og_url":"https:\/\/bigplayerbrazil.com.br\/en\/","og_site_name":"Big Player Brazil","article_publisher":"https:\/\/www.facebook.com\/bigplayerbrazil\/","article_modified_time":"2024-02-02T20:13:30+00:00","og_image":[{"url":"https:\/\/bigplayerbrazil.com.br\/wp-content\/uploads\/2021\/12\/local.png"}],"twitter_card":"summary_large_image","twitter_misc":{"Est. reading time":"3 minutes"},"schema":{"@context":"https:\/\/schema.org","@graph":[{"@type":"Organization","@id":"https:\/\/bigplayerbrazil.com.br\/#organization","name":"BigPlayerBrazil","url":"https:\/\/bigplayerbrazil.com.br\/","sameAs":["https:\/\/www.instagram.com\/bigplayerbrazil\/","https:\/\/www.youtube.com\/channel\/UCLIfBrkcPDcFkbdzRy8Vo0w","https:\/\/www.facebook.com\/bigplayerbrazil\/"],"logo":{"@type":"ImageObject","inLanguage":"en-US","@id":"https:\/\/bigplayerbrazil.com.br\/#\/schema\/logo\/image\/","url":"https:\/\/bigplayerbrazil.com.br\/wp-content\/uploads\/2020\/02\/Logo-Apoio.png","contentUrl":"https:\/\/bigplayerbrazil.com.br\/wp-content\/uploads\/2020\/02\/Logo-Apoio.png","width":300,"height":232,"caption":"BigPlayerBrazil"},"image":{"@id":"https:\/\/bigplayerbrazil.com.br\/#\/schema\/logo\/image\/"}},{"@type":"WebSite","@id":"https:\/\/bigplayerbrazil.com.br\/#website","url":"https:\/\/bigplayerbrazil.com.br\/","name":"Big Player Brazil","description":"","publisher":{"@id":"https:\/\/bigplayerbrazil.com.br\/#organization"},"potentialAction":[{"@type":"SearchAction","target":{"@type":"EntryPoint","urlTemplate":"https:\/\/bigplayerbrazil.com.br\/?s={search_term_string}"},"query-input":"required name=search_term_string"}],"inLanguage":"en-US"},{"@type":"ImageObject","inLanguage":"en-US","@id":"https:\/\/bigplayerbrazil.com.br\/#primaryimage","url":"https:\/\/bigplayerbrazil.com.br\/wp-content\/uploads\/2021\/12\/local.png","contentUrl":"https:\/\/bigplayerbrazil.com.br\/wp-content\/uploads\/2021\/12\/local.png","width":2000,"height":640},{"@type":"WebPage","@id":"https:\/\/bigplayerbrazil.com.br\/#webpage","url":"https:\/\/bigplayerbrazil.com.br\/","name":"Big Player Brazil - O Primeiro Reality Show de Poker - Concorra a 1 Milh\u00e3o","isPartOf":{"@id":"https:\/\/bigplayerbrazil.com.br\/#website"},"primaryImageOfPage":{"@id":"https:\/\/bigplayerbrazil.com.br\/#primaryimage"},"datePublished":"2020-01-15T04:56:35+00:00","dateModified":"2024-02-02T20:13:30+00:00","description":"O Primeiro Reality Show de Poker! Ser\u00e3o 36 Players em um resort numa praia paradis\u00edaca disputando 1 MILH\u00c3O de Reais e o t\u00edtulo de Big Player Brazil!","breadcrumb":{"@id":"https:\/\/bigplayerbrazil.com.br\/#breadcrumb"},"inLanguage":"en-US","potentialAction":[{"@type":"ReadAction","target":["https:\/\/bigplayerbrazil.com.br\/"]}]},{"@type":"BreadcrumbList","@id":"https:\/\/bigplayerbrazil.com.br\/#breadcrumb","itemListElement":[{"@type":"ListItem","position":1,"name":"In\u00edcio","item":"https:\/\/bigplayerbrazil.com.br\/"},{"@type":"ListItem","position":2,"name":"Home"}]}]}},"_links":{"self":[{"href":"https:\/\/bigplayerbrazil.com.br\/en\/wp-json\/wp\/v2\/pages\/62"}],"collection":[{"href":"https:\/\/bigplayerbrazil.com.br\/en\/wp-json\/wp\/v2\/pages"}],"about":[{"href":"https:\/\/bigplayerbrazil.com.br\/en\/wp-json\/wp\/v2\/types\/page"}],"author":[{"embeddable":true,"href":"https:\/\/bigplayerbrazil.com.br\/en\/wp-json\/wp\/v2\/users\/1"}],"replies":[{"embeddable":true,"href":"https:\/\/bigplayerbrazil.com.br\/en\/wp-json\/wp\/v2\/comments?post=62"}],"version-history":[{"count":49,"href":"https:\/\/bigplayerbrazil.com.br\/en\/wp-json\/wp\/v2\/pages\/62\/revisions"}],"predecessor-version":[{"id":9125,"href":"https:\/\/bigplayerbrazil.com.br\/en\/wp-json\/wp\/v2\/pages\/62\/revisions\/9125"}],"wp:attachment":[{"href":"https:\/\/bigplayerbrazil.com.br\/en\/wp-json\/wp\/v2\/media?parent=62"}],"curies":[{"name":"wp","href":"https:\/\/api.w.org\/{rel}","templated":true}]}}