{"id":5594,"date":"2020-04-08T15:44:06","date_gmt":"2020-04-08T18:44:06","guid":{"rendered":"https:\/\/177.234.152.18\/~bigplaye\/?page_id=5594"},"modified":"2020-06-10T13:44:11","modified_gmt":"2020-06-10T16:44:11","slug":"como-participar","status":"publish","type":"page","link":"https:\/\/bigplayerbrazil.com.br\/en\/como-participar\/","title":{"rendered":"Como participar"},"content":{"rendered":"<div data-elementor-type=\"wp-page\" data-elementor-id=\"5594\" class=\"elementor elementor-5594\" data-elementor-settings=\"[]\">\n\t\t\t\t\t\t<div class=\"elementor-inner\">\n\t\t\t\t\t\t\t<div class=\"elementor-section-wrap\">\n\t\t\t\t\t\t\t<section class=\"elementor-section elementor-top-section elementor-element elementor-element-32f4f9d elementor-section-stretched elementor-section-full_width elementor-section-height-default elementor-section-height-default\" data-id=\"32f4f9d\" data-element_type=\"section\" data-settings=\"{&quot;stretch_section&quot;:&quot;section-stretched&quot;,&quot;background_background&quot;:&quot;classic&quot;}\">\n\t\t\t\t\t\t<div class=\"elementor-container elementor-column-gap-default\">\n\t\t\t\t\t\t\t<div class=\"elementor-row\">\n\t\t\t\t\t<div class=\"elementor-column elementor-col-100 elementor-top-column elementor-element elementor-element-96c24d3\" data-id=\"96c24d3\" data-element_type=\"column\">\n\t\t\t<div class=\"elementor-column-wrap elementor-element-populated\">\n\t\t\t\t\t\t\t<div class=\"elementor-widget-wrap\">\n\t\t\t\t\t\t<div class=\"elementor-element elementor-element-bb1ab32 elementor-aspect-ratio-169 elementor-widget elementor-widget-video\" data-id=\"bb1ab32\" data-element_type=\"widget\" data-settings=\"{&quot;aspect_ratio&quot;:&quot;169&quot;,&quot;ekit_we_effect_on&quot;:&quot;none&quot;}\" data-widget_type=\"video.default\">\n\t\t\t\t<div class=\"elementor-widget-container\">\n\t\t\t\t\t<div class=\"elementor-wrapper elementor-fit-aspect-ratio elementor-open-inline\">\n\t\t\t<iframe class=\"elementor-video-iframe\" allowfullscreen title=\"youtube video player\" src=\"https:\/\/www.youtube.com\/embed\/xV7WF70tkgU?feature=oembed&amp;autoplay=1&amp;playsinline=1&amp;playlist=xV7WF70tkgU&amp;wmode=opaque&amp;loop=1&amp;controls=0&amp;mute=0&amp;rel=0&amp;modestbranding=0\"><\/iframe>\t\t<\/div>\n\t\t\t\t<\/div>\n\t\t\t\t<\/div>\n\t\t\t\t\t\t<\/div>\n\t\t\t\t\t<\/div>\n\t\t<\/div>\n\t\t\t\t\t\t\t\t<\/div>\n\t\t\t\t\t<\/div>\n\t\t<\/section>\n\t\t\t\t<section class=\"elementor-section elementor-top-section elementor-element elementor-element-7d04588b elementor-section-full_width elementor-section-height-default elementor-section-height-default\" data-id=\"7d04588b\" data-element_type=\"section\" data-settings=\"{&quot;background_background&quot;:&quot;classic&quot;}\">\n\t\t\t\t\t\t<div class=\"elementor-container elementor-column-gap-default\">\n\t\t\t\t\t\t\t<div class=\"elementor-row\">\n\t\t\t\t\t<div class=\"elementor-column elementor-col-100 elementor-top-column elementor-element elementor-element-6ae67507\" data-id=\"6ae67507\" data-element_type=\"column\">\n\t\t\t<div class=\"elementor-column-wrap elementor-element-populated\">\n\t\t\t\t\t\t\t<div class=\"elementor-widget-wrap\">\n\t\t\t\t\t\t<div class=\"elementor-element elementor-element-c9d4585 elementor-widget elementor-widget-spacer\" data-id=\"c9d4585\" data-element_type=\"widget\" data-settings=\"{&quot;ekit_we_effect_on&quot;:&quot;none&quot;}\" data-widget_type=\"spacer.default\">\n\t\t\t\t<div class=\"elementor-widget-container\">\n\t\t\t\t\t<div class=\"elementor-spacer\">\n\t\t\t<div class=\"elementor-spacer-inner\"><\/div>\n\t\t<\/div>\n\t\t\t\t<\/div>\n\t\t\t\t<\/div>\n\t\t\t\t<div class=\"elementor-element elementor-element-52f34521 elementor-widget-divider--view-line_icon elementor-view-default elementor-widget-divider--element-align-center elementor-widget elementor-widget-divider\" data-id=\"52f34521\" data-element_type=\"widget\" data-settings=\"{&quot;ekit_we_effect_on&quot;:&quot;none&quot;}\" data-widget_type=\"divider.default\">\n\t\t\t\t<div class=\"elementor-widget-container\">\n\t\t\t\t\t<div class=\"elementor-divider\">\n\t\t\t<span class=\"elementor-divider-separator\">\n\t\t\t\t\t\t\t<div class=\"elementor-icon elementor-divider__element\">\n\t\t\t\t\t<i aria-hidden=\"true\" class=\"icon icon-select\"><\/i><\/div>\n\t\t\t\t\t\t<\/span>\n\t\t<\/div>\n\t\t\t\t<\/div>\n\t\t\t\t<\/div>\n\t\t\t\t<div class=\"elementor-element elementor-element-45b4438 elementor-widget elementor-widget-heading\" data-id=\"45b4438\" data-element_type=\"widget\" data-settings=\"{&quot;ekit_we_effect_on&quot;:&quot;none&quot;}\" data-widget_type=\"heading.default\">\n\t\t\t\t<div class=\"elementor-widget-container\">\n\t\t\t<h2 class=\"elementor-heading-title elementor-size-default\">Seletivas<\/h2>\t\t<\/div>\n\t\t\t\t<\/div>\n\t\t\t\t<div class=\"elementor-element elementor-element-d9a7fdd elementor-widget elementor-widget-image\" data-id=\"d9a7fdd\" data-element_type=\"widget\" data-settings=\"{&quot;ekit_we_effect_on&quot;:&quot;none&quot;}\" data-widget_type=\"image.default\">\n\t\t\t\t<div class=\"elementor-widget-container\">\n\t\t\t\t\t<div class=\"elementor-image\">\n\t\t\t\t\t\t\t\t\t\t<img width=\"184\" height=\"102\" src=\"https:\/\/bigplayerbrazil.com.br\/wp-content\/uploads\/2020\/04\/Banners-Big-Player-Brazil-seta.png\" class=\"attachment-medium size-medium\" alt=\"\" \/>\t\t\t\t\t\t\t\t\t\t\t<\/div>\n\t\t\t\t<\/div>\n\t\t\t\t<\/div>\n\t\t\t\t<div class=\"elementor-element elementor-element-e049b6c elementor-arrows-position-inside elementor-widget elementor-widget-image-carousel\" data-id=\"e049b6c\" data-element_type=\"widget\" data-settings=\"{&quot;slides_to_show&quot;:&quot;1&quot;,&quot;navigation&quot;:&quot;arrows&quot;,&quot;autoplay&quot;:&quot;yes&quot;,&quot;pause_on_hover&quot;:&quot;yes&quot;,&quot;pause_on_interaction&quot;:&quot;yes&quot;,&quot;autoplay_speed&quot;:5000,&quot;infinite&quot;:&quot;yes&quot;,&quot;effect&quot;:&quot;slide&quot;,&quot;speed&quot;:500,&quot;ekit_we_effect_on&quot;:&quot;none&quot;}\" data-widget_type=\"image-carousel.default\">\n\t\t\t\t<div class=\"elementor-widget-container\">\n\t\t\t\t\t<div class=\"elementor-image-carousel-wrapper swiper-container\" dir=\"ltr\">\n\t\t\t<div class=\"elementor-image-carousel swiper-wrapper\">\n\t\t\t\t<div class=\"swiper-slide\"><figure class=\"swiper-slide-inner\"><img class=\"swiper-slide-image\" src=\"https:\/\/bigplayerbrazil.com.br\/wp-content\/uploads\/2020\/04\/Banners-Big-Player-Brazil-seletivas-300x110.png\" alt=\"Banners Big Player Brazil seletivas\" \/><\/figure><\/div><div class=\"swiper-slide\"><figure class=\"swiper-slide-inner\"><img class=\"swiper-slide-image\" src=\"https:\/\/bigplayerbrazil.com.br\/wp-content\/uploads\/2020\/04\/Banners-Big-Player-Brazil-reality-show-300x149.png\" alt=\"Banners Big Player Brazil reality show\" \/><\/figure><\/div><div class=\"swiper-slide\"><figure class=\"swiper-slide-inner\"><img class=\"swiper-slide-image\" src=\"https:\/\/bigplayerbrazil.com.br\/wp-content\/uploads\/2020\/04\/Banners-Big-Player-Brazil-grande-campeao-300x159.png\" alt=\"Banners Big Player Brazil grande campeao\" \/><\/figure><\/div>\t\t\t<\/div>\n\t\t\t\t\t\t\t\t\t\t\t\t\t\t\t\t<div class=\"elementor-swiper-button elementor-swiper-button-prev\">\n\t\t\t\t\t\t<i class=\"eicon-chevron-left\" aria-hidden=\"true\"><\/i>\n\t\t\t\t\t\t<span class=\"elementor-screen-only\">Previous<\/span>\n\t\t\t\t\t<\/div>\n\t\t\t\t\t<div class=\"elementor-swiper-button elementor-swiper-button-next\">\n\t\t\t\t\t\t<i class=\"eicon-chevron-right\" aria-hidden=\"true\"><\/i>\n\t\t\t\t\t\t<span class=\"elementor-screen-only\">Next<\/span>\n\t\t\t\t\t<\/div>\n\t\t\t\t\t\t\t\t\t<\/div>\n\t\t\t\t<\/div>\n\t\t\t\t<\/div>\n\t\t\t\t<div class=\"elementor-element elementor-element-e31bd4a elementor-widget elementor-widget-spacer\" data-id=\"e31bd4a\" data-element_type=\"widget\" data-settings=\"{&quot;ekit_we_effect_on&quot;:&quot;none&quot;}\" data-widget_type=\"spacer.default\">\n\t\t\t\t<div class=\"elementor-widget-container\">\n\t\t\t\t\t<div class=\"elementor-spacer\">\n\t\t\t<div class=\"elementor-spacer-inner\"><\/div>\n\t\t<\/div>\n\t\t\t\t<\/div>\n\t\t\t\t<\/div>\n\t\t\t\t\t\t<\/div>\n\t\t\t\t\t<\/div>\n\t\t<\/div>\n\t\t\t\t\t\t\t\t<\/div>\n\t\t\t\t\t<\/div>\n\t\t<\/section>\n\t\t\t\t<section class=\"elementor-section elementor-top-section elementor-element elementor-element-33db61f6 elementor-section-full_width elementor-section-height-default elementor-section-height-default\" data-id=\"33db61f6\" data-element_type=\"section\" data-settings=\"{&quot;background_background&quot;:&quot;classic&quot;}\">\n\t\t\t\t\t\t<div class=\"elementor-container elementor-column-gap-default\">\n\t\t\t\t\t\t\t<div class=\"elementor-row\">\n\t\t\t\t\t<div class=\"elementor-column elementor-col-100 elementor-top-column elementor-element elementor-element-234a6704\" data-id=\"234a6704\" data-element_type=\"column\">\n\t\t\t<div class=\"elementor-column-wrap elementor-element-populated\">\n\t\t\t\t\t\t\t<div class=\"elementor-widget-wrap\">\n\t\t\t\t\t\t<div class=\"elementor-element elementor-element-747e4c92 elementor-aspect-ratio-916 elementor-invisible elementor-widget elementor-widget-video\" data-id=\"747e4c92\" data-element_type=\"widget\" data-settings=\"{&quot;lightbox&quot;:&quot;yes&quot;,&quot;_animation&quot;:&quot;fadeIn&quot;,&quot;aspect_ratio&quot;:&quot;916&quot;,&quot;ekit_we_effect_on&quot;:&quot;none&quot;}\" data-widget_type=\"video.default\">\n\t\t\t\t<div class=\"elementor-widget-container\">\n\t\t\t\t\t<div class=\"elementor-wrapper elementor-open-lightbox\">\n\t\t\t\t\t\t\t<div class=\"elementor-custom-embed-image-overlay\" data-elementor-open-lightbox=\"yes\" data-elementor-lightbox=\"{&quot;type&quot;:&quot;video&quot;,&quot;videoType&quot;:&quot;youtube&quot;,&quot;url&quot;:&quot;https:\\\/\\\/www.youtube.com\\\/embed\\\/AqjY_auKiTg?feature=oembed&amp;start&amp;end&amp;wmode=opaque&amp;loop=0&amp;controls=0&amp;mute=0&amp;rel=0&amp;modestbranding=0&quot;,&quot;modalOptions&quot;:{&quot;id&quot;:&quot;elementor-lightbox-747e4c92&quot;,&quot;entranceAnimation&quot;:&quot;&quot;,&quot;entranceAnimation_tablet&quot;:&quot;&quot;,&quot;entranceAnimation_mobile&quot;:&quot;&quot;,&quot;videoAspectRatio&quot;:&quot;916&quot;}}\">\n\t\t\t\t\t\t\t\t\t\t\t<img width=\"2008\" height=\"644\" src=\"https:\/\/bigplayerbrazil.com.br\/wp-content\/uploads\/2020\/04\/app-pppoker.png\" class=\"attachment-full size-full\" alt=\"\" srcset=\"https:\/\/bigplayerbrazil.com.br\/wp-content\/uploads\/2020\/04\/app-pppoker.png 2008w, https:\/\/bigplayerbrazil.com.br\/wp-content\/uploads\/2020\/04\/app-pppoker-300x96.png 300w, https:\/\/bigplayerbrazil.com.br\/wp-content\/uploads\/2020\/04\/app-pppoker-1024x328.png 1024w, https:\/\/bigplayerbrazil.com.br\/wp-content\/uploads\/2020\/04\/app-pppoker-768x246.png 768w, https:\/\/bigplayerbrazil.com.br\/wp-content\/uploads\/2020\/04\/app-pppoker-1536x493.png 1536w\" sizes=\"(max-width: 2008px) 100vw, 2008px\" \/>\t\t\t\t\t\t\t\t\t\t\t\t\t\t<\/div>\n\t\t\t\t\t<\/div>\n\t\t\t\t<\/div>\n\t\t\t\t<\/div>\n\t\t\t\t\t\t<\/div>\n\t\t\t\t\t<\/div>\n\t\t<\/div>\n\t\t\t\t\t\t\t\t<\/div>\n\t\t\t\t\t<\/div>\n\t\t<\/section>\n\t\t\t\t<section class=\"elementor-section elementor-top-section elementor-element elementor-element-763faef elementor-section-full_width elementor-section-height-default elementor-section-height-default\" data-id=\"763faef\" data-element_type=\"section\" data-settings=\"{&quot;background_background&quot;:&quot;classic&quot;}\">\n\t\t\t\t\t\t<div class=\"elementor-container elementor-column-gap-default\">\n\t\t\t\t\t\t\t<div class=\"elementor-row\">\n\t\t\t\t\t<div class=\"elementor-column elementor-col-100 elementor-top-column elementor-element elementor-element-70ae23e\" data-id=\"70ae23e\" data-element_type=\"column\">\n\t\t\t<div class=\"elementor-column-wrap elementor-element-populated\">\n\t\t\t\t\t\t\t<div class=\"elementor-widget-wrap\">\n\t\t\t\t\t\t<div class=\"elementor-element elementor-element-4ddcb89 elementor-widget elementor-widget-spacer\" data-id=\"4ddcb89\" data-element_type=\"widget\" data-settings=\"{&quot;ekit_we_effect_on&quot;:&quot;none&quot;}\" data-widget_type=\"spacer.default\">\n\t\t\t\t<div class=\"elementor-widget-container\">\n\t\t\t\t\t<div class=\"elementor-spacer\">\n\t\t\t<div class=\"elementor-spacer-inner\"><\/div>\n\t\t<\/div>\n\t\t\t\t<\/div>\n\t\t\t\t<\/div>\n\t\t\t\t<div class=\"elementor-element elementor-element-e0830bb elementor-widget-divider--view-line_icon elementor-view-default elementor-widget-divider--element-align-center elementor-widget elementor-widget-divider\" data-id=\"e0830bb\" data-element_type=\"widget\" data-settings=\"{&quot;ekit_we_effect_on&quot;:&quot;none&quot;}\" data-widget_type=\"divider.default\">\n\t\t\t\t<div class=\"elementor-widget-container\">\n\t\t\t\t\t<div class=\"elementor-divider\">\n\t\t\t<span class=\"elementor-divider-separator\">\n\t\t\t\t\t\t\t<div class=\"elementor-icon elementor-divider__element\">\n\t\t\t\t\t<i aria-hidden=\"true\" class=\"fas fa-satellite\"><\/i><\/div>\n\t\t\t\t\t\t<\/span>\n\t\t<\/div>\n\t\t\t\t<\/div>\n\t\t\t\t<\/div>\n\t\t\t\t<div class=\"elementor-element elementor-element-c2bfd2d elementor-widget elementor-widget-heading\" data-id=\"c2bfd2d\" data-element_type=\"widget\" data-settings=\"{&quot;ekit_we_effect_on&quot;:&quot;none&quot;}\" data-widget_type=\"heading.default\">\n\t\t\t\t<div class=\"elementor-widget-container\">\n\t\t\t<h2 class=\"elementor-heading-title elementor-size-default\">Sat\u00e9lites<\/h2>\t\t<\/div>\n\t\t\t\t<\/div>\n\t\t\t\t<div class=\"elementor-element elementor-element-f4f419a elementor-widget elementor-widget-image\" data-id=\"f4f419a\" data-element_type=\"widget\" data-settings=\"{&quot;ekit_we_effect_on&quot;:&quot;none&quot;}\" data-widget_type=\"image.default\">\n\t\t\t\t<div class=\"elementor-widget-container\">\n\t\t\t\t\t<div class=\"elementor-image\">\n\t\t\t\t\t\t\t\t\t\t<img width=\"184\" height=\"102\" src=\"https:\/\/bigplayerbrazil.com.br\/wp-content\/uploads\/2020\/04\/Banners-Big-Player-Brazil-seta.png\" class=\"attachment-medium size-medium\" alt=\"\" \/>\t\t\t\t\t\t\t\t\t\t\t<\/div>\n\t\t\t\t<\/div>\n\t\t\t\t<\/div>\n\t\t\t\t<div class=\"elementor-element elementor-element-88466f7 elementor-arrows-position-inside elementor-widget elementor-widget-image-carousel\" data-id=\"88466f7\" data-element_type=\"widget\" data-settings=\"{&quot;slides_to_show&quot;:&quot;1&quot;,&quot;navigation&quot;:&quot;arrows&quot;,&quot;autoplay&quot;:&quot;yes&quot;,&quot;pause_on_hover&quot;:&quot;yes&quot;,&quot;pause_on_interaction&quot;:&quot;yes&quot;,&quot;autoplay_speed&quot;:5000,&quot;infinite&quot;:&quot;yes&quot;,&quot;effect&quot;:&quot;slide&quot;,&quot;speed&quot;:500,&quot;ekit_we_effect_on&quot;:&quot;none&quot;}\" data-widget_type=\"image-carousel.default\">\n\t\t\t\t<div class=\"elementor-widget-container\">\n\t\t\t\t\t<div class=\"elementor-image-carousel-wrapper swiper-container\" dir=\"ltr\">\n\t\t\t<div class=\"elementor-image-carousel swiper-wrapper\">\n\t\t\t\t<div class=\"swiper-slide\"><figure class=\"swiper-slide-inner\"><img class=\"swiper-slide-image\" src=\"https:\/\/bigplayerbrazil.com.br\/wp-content\/uploads\/2020\/04\/Banners-Big-Player-Brazil-botao-satelites-300x110.png\" alt=\"Banners Big Player Brazil botao satelites\" \/><\/figure><\/div><div class=\"swiper-slide\"><figure class=\"swiper-slide-inner\"><img class=\"swiper-slide-image\" src=\"https:\/\/bigplayerbrazil.com.br\/wp-content\/uploads\/2020\/04\/Banners-Big-Player-Brazil-seletivas-1-300x110.png\" alt=\"Banners Big Player Brazil seletivas\" \/><\/figure><\/div><div class=\"swiper-slide\"><figure class=\"swiper-slide-inner\"><img class=\"swiper-slide-image\" src=\"https:\/\/bigplayerbrazil.com.br\/wp-content\/uploads\/2020\/04\/Banners-Big-Player-Brazil-reality-show-300x149.png\" alt=\"Banners Big Player Brazil reality show\" \/><\/figure><\/div><div class=\"swiper-slide\"><figure class=\"swiper-slide-inner\"><img class=\"swiper-slide-image\" src=\"https:\/\/bigplayerbrazil.com.br\/wp-content\/uploads\/2020\/04\/Banners-Big-Player-Brazil-grande-campeao-300x159.png\" alt=\"Banners Big Player Brazil grande campeao\" \/><\/figure><\/div>\t\t\t<\/div>\n\t\t\t\t\t\t\t\t\t\t\t\t\t\t\t\t<div class=\"elementor-swiper-button elementor-swiper-button-prev\">\n\t\t\t\t\t\t<i class=\"eicon-chevron-left\" aria-hidden=\"true\"><\/i>\n\t\t\t\t\t\t<span class=\"elementor-screen-only\">Previous<\/span>\n\t\t\t\t\t<\/div>\n\t\t\t\t\t<div class=\"elementor-swiper-button elementor-swiper-button-next\">\n\t\t\t\t\t\t<i class=\"eicon-chevron-right\" aria-hidden=\"true\"><\/i>\n\t\t\t\t\t\t<span class=\"elementor-screen-only\">Next<\/span>\n\t\t\t\t\t<\/div>\n\t\t\t\t\t\t\t\t\t<\/div>\n\t\t\t\t<\/div>\n\t\t\t\t<\/div>\n\t\t\t\t<div class=\"elementor-element elementor-element-f13d411 elementor-widget elementor-widget-spacer\" data-id=\"f13d411\" data-element_type=\"widget\" data-settings=\"{&quot;ekit_we_effect_on&quot;:&quot;none&quot;}\" data-widget_type=\"spacer.default\">\n\t\t\t\t<div class=\"elementor-widget-container\">\n\t\t\t\t\t<div class=\"elementor-spacer\">\n\t\t\t<div class=\"elementor-spacer-inner\"><\/div>\n\t\t<\/div>\n\t\t\t\t<\/div>\n\t\t\t\t<\/div>\n\t\t\t\t\t\t<\/div>\n\t\t\t\t\t<\/div>\n\t\t<\/div>\n\t\t\t\t\t\t\t\t<\/div>\n\t\t\t\t\t<\/div>\n\t\t<\/section>\n\t\t\t\t\t\t<\/div>\n\t\t\t\t\t\t<\/div>\n\t\t\t\t\t<\/div>","protected":false},"excerpt":{"rendered":"<p>Seletivas Anterior Pr\u00f3ximo Sat\u00e9lites Anterior Pr\u00f3ximo<\/p>","protected":false},"author":1,"featured_media":0,"parent":0,"menu_order":0,"comment_status":"closed","ping_status":"closed","template":"","meta":{"site-sidebar-layout":"no-sidebar","site-content-layout":"page-builder","ast-main-header-display":"","ast-hfb-above-header-display":"","ast-hfb-below-header-display":"","ast-hfb-mobile-header-display":"","site-post-title":"disabled","ast-breadcrumbs-content":"","ast-featured-img":"disabled","footer-sml-layout":"","theme-transparent-header-meta":"default","adv-header-id-meta":"","stick-header-meta":"","header-above-stick-meta":"","header-main-stick-meta":"","header-below-stick-meta":""},"yoast_head":"<!-- This site is optimized with the Yoast SEO plugin v19.1 - https:\/\/yoast.com\/wordpress\/plugins\/seo\/ -->\n<title>Como participar - Big Player Brazil<\/title>\n<meta name=\"robots\" content=\"index, follow, max-snippet:-1, max-image-preview:large, max-video-preview:-1\" \/>\n<link rel=\"canonical\" href=\"https:\/\/bigplayerbrazil.com.br\/en\/como-participar\/\" \/>\n<meta property=\"og:locale\" content=\"en_US\" \/>\n<meta property=\"og:type\" content=\"article\" \/>\n<meta property=\"og:title\" content=\"Como participar - Big Player Brazil\" \/>\n<meta property=\"og:description\" content=\"Seletivas Anterior Pr\u00f3ximo Sat\u00e9lites Anterior Pr\u00f3ximo\" \/>\n<meta property=\"og:url\" content=\"https:\/\/bigplayerbrazil.com.br\/en\/como-participar\/\" \/>\n<meta property=\"og:site_name\" content=\"Big Player Brazil\" \/>\n<meta property=\"article:publisher\" content=\"https:\/\/www.facebook.com\/bigplayerbrazil\/\" \/>\n<meta property=\"article:modified_time\" content=\"2020-06-10T16:44:11+00:00\" \/>\n<meta property=\"og:image\" content=\"https:\/\/bigplayerbrazil.com.br\/wp-content\/uploads\/2020\/04\/Banners-Big-Player-Brazil-seta.png\" \/>\n<meta name=\"twitter:card\" content=\"summary_large_image\" \/>\n<script type=\"application\/ld+json\" class=\"yoast-schema-graph\">{\"@context\":\"https:\/\/schema.org\",\"@graph\":[{\"@type\":\"Organization\",\"@id\":\"https:\/\/bigplayerbrazil.com.br\/#organization\",\"name\":\"BigPlayerBrazil\",\"url\":\"https:\/\/bigplayerbrazil.com.br\/\",\"sameAs\":[\"https:\/\/www.instagram.com\/bigplayerbrazil\/\",\"https:\/\/www.youtube.com\/channel\/UCLIfBrkcPDcFkbdzRy8Vo0w\",\"https:\/\/www.facebook.com\/bigplayerbrazil\/\"],\"logo\":{\"@type\":\"ImageObject\",\"inLanguage\":\"en-US\",\"@id\":\"https:\/\/bigplayerbrazil.com.br\/#\/schema\/logo\/image\/\",\"url\":\"https:\/\/bigplayerbrazil.com.br\/wp-content\/uploads\/2020\/02\/Logo-Apoio.png\",\"contentUrl\":\"https:\/\/bigplayerbrazil.com.br\/wp-content\/uploads\/2020\/02\/Logo-Apoio.png\",\"width\":300,\"height\":232,\"caption\":\"BigPlayerBrazil\"},\"image\":{\"@id\":\"https:\/\/bigplayerbrazil.com.br\/#\/schema\/logo\/image\/\"}},{\"@type\":\"WebSite\",\"@id\":\"https:\/\/bigplayerbrazil.com.br\/#website\",\"url\":\"https:\/\/bigplayerbrazil.com.br\/\",\"name\":\"Big Player Brazil\",\"description\":\"\",\"publisher\":{\"@id\":\"https:\/\/bigplayerbrazil.com.br\/#organization\"},\"potentialAction\":[{\"@type\":\"SearchAction\",\"target\":{\"@type\":\"EntryPoint\",\"urlTemplate\":\"https:\/\/bigplayerbrazil.com.br\/?s={search_term_string}\"},\"query-input\":\"required name=search_term_string\"}],\"inLanguage\":\"en-US\"},{\"@type\":\"ImageObject\",\"inLanguage\":\"en-US\",\"@id\":\"https:\/\/bigplayerbrazil.com.br\/como-participar\/#primaryimage\",\"url\":\"https:\/\/bigplayerbrazil.com.br\/wp-content\/uploads\/2020\/04\/Banners-Big-Player-Brazil-seta.png\",\"contentUrl\":\"https:\/\/bigplayerbrazil.com.br\/wp-content\/uploads\/2020\/04\/Banners-Big-Player-Brazil-seta.png\",\"width\":184,\"height\":102},{\"@type\":\"WebPage\",\"@id\":\"https:\/\/bigplayerbrazil.com.br\/como-participar\/#webpage\",\"url\":\"https:\/\/bigplayerbrazil.com.br\/como-participar\/\",\"name\":\"Como participar - Big Player Brazil\",\"isPartOf\":{\"@id\":\"https:\/\/bigplayerbrazil.com.br\/#website\"},\"primaryImageOfPage\":{\"@id\":\"https:\/\/bigplayerbrazil.com.br\/como-participar\/#primaryimage\"},\"datePublished\":\"2020-04-08T18:44:06+00:00\",\"dateModified\":\"2020-06-10T16:44:11+00:00\",\"breadcrumb\":{\"@id\":\"https:\/\/bigplayerbrazil.com.br\/como-participar\/#breadcrumb\"},\"inLanguage\":\"en-US\",\"potentialAction\":[{\"@type\":\"ReadAction\",\"target\":[\"https:\/\/bigplayerbrazil.com.br\/como-participar\/\"]}]},{\"@type\":\"BreadcrumbList\",\"@id\":\"https:\/\/bigplayerbrazil.com.br\/como-participar\/#breadcrumb\",\"itemListElement\":[{\"@type\":\"ListItem\",\"position\":1,\"name\":\"In\u00edcio\",\"item\":\"https:\/\/bigplayerbrazil.com.br\/\"},{\"@type\":\"ListItem\",\"position\":2,\"name\":\"Como participar\"}]}]}<\/script>\n<!-- \/ Yoast SEO plugin. -->","yoast_head_json":{"title":"Como participar - Big Player Brazil","robots":{"index":"index","follow":"follow","max-snippet":"max-snippet:-1","max-image-preview":"max-image-preview:large","max-video-preview":"max-video-preview:-1"},"canonical":"https:\/\/bigplayerbrazil.com.br\/en\/como-participar\/","og_locale":"en_US","og_type":"article","og_title":"Como participar - Big Player Brazil","og_description":"Seletivas Anterior Pr\u00f3ximo Sat\u00e9lites Anterior Pr\u00f3ximo","og_url":"https:\/\/bigplayerbrazil.com.br\/en\/como-participar\/","og_site_name":"Big Player Brazil","article_publisher":"https:\/\/www.facebook.com\/bigplayerbrazil\/","article_modified_time":"2020-06-10T16:44:11+00:00","og_image":[{"url":"https:\/\/bigplayerbrazil.com.br\/wp-content\/uploads\/2020\/04\/Banners-Big-Player-Brazil-seta.png"}],"twitter_card":"summary_large_image","schema":{"@context":"https:\/\/schema.org","@graph":[{"@type":"Organization","@id":"https:\/\/bigplayerbrazil.com.br\/#organization","name":"BigPlayerBrazil","url":"https:\/\/bigplayerbrazil.com.br\/","sameAs":["https:\/\/www.instagram.com\/bigplayerbrazil\/","https:\/\/www.youtube.com\/channel\/UCLIfBrkcPDcFkbdzRy8Vo0w","https:\/\/www.facebook.com\/bigplayerbrazil\/"],"logo":{"@type":"ImageObject","inLanguage":"en-US","@id":"https:\/\/bigplayerbrazil.com.br\/#\/schema\/logo\/image\/","url":"https:\/\/bigplayerbrazil.com.br\/wp-content\/uploads\/2020\/02\/Logo-Apoio.png","contentUrl":"https:\/\/bigplayerbrazil.com.br\/wp-content\/uploads\/2020\/02\/Logo-Apoio.png","width":300,"height":232,"caption":"BigPlayerBrazil"},"image":{"@id":"https:\/\/bigplayerbrazil.com.br\/#\/schema\/logo\/image\/"}},{"@type":"WebSite","@id":"https:\/\/bigplayerbrazil.com.br\/#website","url":"https:\/\/bigplayerbrazil.com.br\/","name":"Big Player Brazil","description":"","publisher":{"@id":"https:\/\/bigplayerbrazil.com.br\/#organization"},"potentialAction":[{"@type":"SearchAction","target":{"@type":"EntryPoint","urlTemplate":"https:\/\/bigplayerbrazil.com.br\/?s={search_term_string}"},"query-input":"required name=search_term_string"}],"inLanguage":"en-US"},{"@type":"ImageObject","inLanguage":"en-US","@id":"https:\/\/bigplayerbrazil.com.br\/como-participar\/#primaryimage","url":"https:\/\/bigplayerbrazil.com.br\/wp-content\/uploads\/2020\/04\/Banners-Big-Player-Brazil-seta.png","contentUrl":"https:\/\/bigplayerbrazil.com.br\/wp-content\/uploads\/2020\/04\/Banners-Big-Player-Brazil-seta.png","width":184,"height":102},{"@type":"WebPage","@id":"https:\/\/bigplayerbrazil.com.br\/como-participar\/#webpage","url":"https:\/\/bigplayerbrazil.com.br\/como-participar\/","name":"Como participar - Big Player Brazil","isPartOf":{"@id":"https:\/\/bigplayerbrazil.com.br\/#website"},"primaryImageOfPage":{"@id":"https:\/\/bigplayerbrazil.com.br\/como-participar\/#primaryimage"},"datePublished":"2020-04-08T18:44:06+00:00","dateModified":"2020-06-10T16:44:11+00:00","breadcrumb":{"@id":"https:\/\/bigplayerbrazil.com.br\/como-participar\/#breadcrumb"},"inLanguage":"en-US","potentialAction":[{"@type":"ReadAction","target":["https:\/\/bigplayerbrazil.com.br\/como-participar\/"]}]},{"@type":"BreadcrumbList","@id":"https:\/\/bigplayerbrazil.com.br\/como-participar\/#breadcrumb","itemListElement":[{"@type":"ListItem","position":1,"name":"In\u00edcio","item":"https:\/\/bigplayerbrazil.com.br\/"},{"@type":"ListItem","position":2,"name":"Como participar"}]}]}},"_links":{"self":[{"href":"https:\/\/bigplayerbrazil.com.br\/en\/wp-json\/wp\/v2\/pages\/5594"}],"collection":[{"href":"https:\/\/bigplayerbrazil.com.br\/en\/wp-json\/wp\/v2\/pages"}],"about":[{"href":"https:\/\/bigplayerbrazil.com.br\/en\/wp-json\/wp\/v2\/types\/page"}],"author":[{"embeddable":true,"href":"https:\/\/bigplayerbrazil.com.br\/en\/wp-json\/wp\/v2\/users\/1"}],"replies":[{"embeddable":true,"href":"https:\/\/bigplayerbrazil.com.br\/en\/wp-json\/wp\/v2\/comments?post=5594"}],"version-history":[{"count":0,"href":"https:\/\/bigplayerbrazil.com.br\/en\/wp-json\/wp\/v2\/pages\/5594\/revisions"}],"wp:attachment":[{"href":"https:\/\/bigplayerbrazil.com.br\/en\/wp-json\/wp\/v2\/media?parent=5594"}],"curies":[{"name":"wp","href":"https:\/\/api.w.org\/{rel}","templated":true}]}}