{"id":193,"date":"2020-01-15T09:43:40","date_gmt":"2020-01-15T12:43:40","guid":{"rendered":"https:\/\/177.234.152.18\/~bigplaye\/?page_id=193"},"modified":"2021-12-09T13:42:19","modified_gmt":"2021-12-09T16:42:19","slug":"contato-2","status":"publish","type":"page","link":"https:\/\/bigplayerbrazil.com.br\/en\/contato-2\/","title":{"rendered":"Contato"},"content":{"rendered":"<div data-elementor-type=\"wp-page\" data-elementor-id=\"193\" class=\"elementor elementor-193\" data-elementor-settings=\"[]\">\n\t\t\t\t\t\t<div class=\"elementor-inner\">\n\t\t\t\t\t\t\t<div class=\"elementor-section-wrap\">\n\t\t\t\t\t\t\t<section class=\"elementor-section elementor-top-section elementor-element elementor-element-7cf73558 elementor-section-stretched elementor-section-full_width elementor-section-height-default elementor-section-height-default\" data-id=\"7cf73558\" data-element_type=\"section\" data-settings=\"{&quot;stretch_section&quot;:&quot;section-stretched&quot;,&quot;background_background&quot;:&quot;classic&quot;}\">\n\t\t\t\t\t\t\t<div class=\"elementor-background-overlay\"><\/div>\n\t\t\t\t\t\t\t<div class=\"elementor-container elementor-column-gap-default\">\n\t\t\t\t\t\t\t<div class=\"elementor-row\">\n\t\t\t\t\t<div class=\"elementor-column elementor-col-100 elementor-top-column elementor-element elementor-element-452586ba\" data-id=\"452586ba\" data-element_type=\"column\">\n\t\t\t<div class=\"elementor-column-wrap elementor-element-populated\">\n\t\t\t\t\t\t\t<div class=\"elementor-widget-wrap\">\n\t\t\t\t\t\t<div class=\"elementor-element elementor-element-1a383638 elementor-hidden-tablet elementor-hidden-phone elementor-widget elementor-widget-spacer\" data-id=\"1a383638\" data-element_type=\"widget\" data-settings=\"{&quot;ekit_we_effect_on&quot;:&quot;none&quot;}\" data-widget_type=\"spacer.default\">\n\t\t\t\t<div class=\"elementor-widget-container\">\n\t\t\t\t\t<div class=\"elementor-spacer\">\n\t\t\t<div class=\"elementor-spacer-inner\"><\/div>\n\t\t<\/div>\n\t\t\t\t<\/div>\n\t\t\t\t<\/div>\n\t\t\t\t<div class=\"elementor-element elementor-element-5623075 elementor-widget elementor-widget-image\" data-id=\"5623075\" data-element_type=\"widget\" data-settings=\"{&quot;ekit_we_effect_on&quot;:&quot;none&quot;}\" data-widget_type=\"image.default\">\n\t\t\t\t<div class=\"elementor-widget-container\">\n\t\t\t\t\t<div class=\"elementor-image\">\n\t\t\t\t\t\t\t\t\t\t<img width=\"2000\" height=\"640\" src=\"https:\/\/bigplayerbrazil.com.br\/wp-content\/uploads\/2021\/12\/Contato.png\" class=\"attachment-full size-full\" alt=\"\" srcset=\"https:\/\/bigplayerbrazil.com.br\/wp-content\/uploads\/2021\/12\/Contato.png 2000w, https:\/\/bigplayerbrazil.com.br\/wp-content\/uploads\/2021\/12\/Contato-300x96.png 300w, https:\/\/bigplayerbrazil.com.br\/wp-content\/uploads\/2021\/12\/Contato-1024x328.png 1024w, https:\/\/bigplayerbrazil.com.br\/wp-content\/uploads\/2021\/12\/Contato-768x246.png 768w, https:\/\/bigplayerbrazil.com.br\/wp-content\/uploads\/2021\/12\/Contato-1536x492.png 1536w, https:\/\/bigplayerbrazil.com.br\/wp-content\/uploads\/2021\/12\/Contato-18x6.png 18w\" sizes=\"(max-width: 2000px) 100vw, 2000px\" \/>\t\t\t\t\t\t\t\t\t\t\t<\/div>\n\t\t\t\t<\/div>\n\t\t\t\t<\/div>\n\t\t\t\t<div class=\"elementor-element elementor-element-86fba73 elementor-widget elementor-widget-spacer\" data-id=\"86fba73\" data-element_type=\"widget\" data-settings=\"{&quot;ekit_we_effect_on&quot;:&quot;none&quot;}\" data-widget_type=\"spacer.default\">\n\t\t\t\t<div class=\"elementor-widget-container\">\n\t\t\t\t\t<div class=\"elementor-spacer\">\n\t\t\t<div class=\"elementor-spacer-inner\"><\/div>\n\t\t<\/div>\n\t\t\t\t<\/div>\n\t\t\t\t<\/div>\n\t\t\t\t<div class=\"elementor-element elementor-element-6e0c449a elementor-widget elementor-widget-heading\" data-id=\"6e0c449a\" data-element_type=\"widget\" data-settings=\"{&quot;ekit_we_effect_on&quot;:&quot;none&quot;}\" data-widget_type=\"heading.default\">\n\t\t\t\t<div class=\"elementor-widget-container\">\n\t\t\t<h2 class=\"elementor-heading-title elementor-size-default\"><font color =\"00000\">Questions, criticisms and suggestions.<\/h2>\t\t<\/div>\n\t\t\t\t<\/div>\n\t\t\t\t\t\t<\/div>\n\t\t\t\t\t<\/div>\n\t\t<\/div>\n\t\t\t\t\t\t\t\t<\/div>\n\t\t\t\t\t<\/div>\n\t\t<\/section>\n\t\t\t\t<section class=\"elementor-section elementor-top-section elementor-element elementor-element-b9b31e5 elementor-section-boxed elementor-section-height-default elementor-section-height-default\" data-id=\"b9b31e5\" data-element_type=\"section\" data-settings=\"{&quot;background_background&quot;:&quot;classic&quot;}\">\n\t\t\t\t\t\t\t<div class=\"elementor-background-overlay\"><\/div>\n\t\t\t\t\t\t\t<div class=\"elementor-container elementor-column-gap-default\">\n\t\t\t\t\t\t\t<div class=\"elementor-row\">\n\t\t\t\t\t<div class=\"elementor-column elementor-col-100 elementor-top-column elementor-element elementor-element-a258a24\" data-id=\"a258a24\" data-element_type=\"column\">\n\t\t\t<div class=\"elementor-column-wrap elementor-element-populated\">\n\t\t\t\t\t\t\t<div class=\"elementor-widget-wrap\">\n\t\t\t\t\t\t<div class=\"elementor-element elementor-element-9659da7 elementor-widget elementor-widget-spacer\" data-id=\"9659da7\" data-element_type=\"widget\" data-settings=\"{&quot;ekit_we_effect_on&quot;:&quot;none&quot;}\" data-widget_type=\"spacer.default\">\n\t\t\t\t<div class=\"elementor-widget-container\">\n\t\t\t\t\t<div class=\"elementor-spacer\">\n\t\t\t<div class=\"elementor-spacer-inner\"><\/div>\n\t\t<\/div>\n\t\t\t\t<\/div>\n\t\t\t\t<\/div>\n\t\t\t\t<div class=\"elementor-element elementor-element-4c9bad0 elementor-widget elementor-widget-eael-ninja\" data-id=\"4c9bad0\" data-element_type=\"widget\" data-settings=\"{&quot;ekit_we_effect_on&quot;:&quot;none&quot;}\" data-widget_type=\"eael-ninja.default\">\n\t\t\t\t<div class=\"elementor-widget-container\">\n\t\t\t            <div class=\"eael-contact-form eael-ninja-form placeholder-hide eael-contact-form-align-center\" id=\"eael-ninja-form-193\">\n                                <noscript class=\"ninja-forms-noscript-message\">\n    Notice: JavaScript is required for this content.<\/noscript>This form is currently undergoing maintenance. Please try again later.            <\/div>\n            \t\t<\/div>\n\t\t\t\t<\/div>\n\t\t\t\t\t\t<\/div>\n\t\t\t\t\t<\/div>\n\t\t<\/div>\n\t\t\t\t\t\t\t\t<\/div>\n\t\t\t\t\t<\/div>\n\t\t<\/section>\n\t\t\t\t\t\t<\/div>\n\t\t\t\t\t\t<\/div>\n\t\t\t\t\t<\/div>","protected":false},"excerpt":{"rendered":"<p>D\u00favidas, cr\u00edticas e sugest\u00f5es. Aviso: O JavaScript \u00e9 necess\u00e1rio para esse conte\u00fado.<\/p>","protected":false},"author":1,"featured_media":0,"parent":0,"menu_order":0,"comment_status":"closed","ping_status":"closed","template":"","meta":{"site-sidebar-layout":"no-sidebar","site-content-layout":"page-builder","ast-main-header-display":"","ast-hfb-above-header-display":"","ast-hfb-below-header-display":"","ast-hfb-mobile-header-display":"","site-post-title":"disabled","ast-breadcrumbs-content":"","ast-featured-img":"disabled","footer-sml-layout":"","theme-transparent-header-meta":"default","adv-header-id-meta":"","stick-header-meta":"","header-above-stick-meta":"","header-main-stick-meta":"","header-below-stick-meta":""},"yoast_head":"<!-- This site is optimized with the Yoast SEO plugin v19.1 - https:\/\/yoast.com\/wordpress\/plugins\/seo\/ -->\n<title>Contato - Big Player Brazil<\/title>\n<meta name=\"robots\" content=\"index, follow, max-snippet:-1, max-image-preview:large, max-video-preview:-1\" \/>\n<link rel=\"canonical\" href=\"https:\/\/bigplayerbrazil.com.br\/en\/contato-2\/\" \/>\n<meta property=\"og:locale\" content=\"en_US\" \/>\n<meta property=\"og:type\" content=\"article\" \/>\n<meta property=\"og:title\" content=\"Contato - Big Player Brazil\" \/>\n<meta property=\"og:description\" content=\"D\u00favidas, cr\u00edticas e sugest\u00f5es. Aviso: O JavaScript \u00e9 necess\u00e1rio para esse conte\u00fado.\" \/>\n<meta property=\"og:url\" content=\"https:\/\/bigplayerbrazil.com.br\/en\/contato-2\/\" \/>\n<meta property=\"og:site_name\" content=\"Big Player Brazil\" \/>\n<meta property=\"article:publisher\" content=\"https:\/\/www.facebook.com\/bigplayerbrazil\/\" \/>\n<meta property=\"article:modified_time\" content=\"2021-12-09T16:42:19+00:00\" \/>\n<meta property=\"og:image\" content=\"https:\/\/bigplayerbrazil.com.br\/wp-content\/uploads\/2021\/12\/Contato.png\" \/>\n<meta name=\"twitter:card\" content=\"summary_large_image\" \/>\n<script type=\"application\/ld+json\" class=\"yoast-schema-graph\">{\"@context\":\"https:\/\/schema.org\",\"@graph\":[{\"@type\":\"Organization\",\"@id\":\"https:\/\/bigplayerbrazil.com.br\/#organization\",\"name\":\"BigPlayerBrazil\",\"url\":\"https:\/\/bigplayerbrazil.com.br\/\",\"sameAs\":[\"https:\/\/www.instagram.com\/bigplayerbrazil\/\",\"https:\/\/www.youtube.com\/channel\/UCLIfBrkcPDcFkbdzRy8Vo0w\",\"https:\/\/www.facebook.com\/bigplayerbrazil\/\"],\"logo\":{\"@type\":\"ImageObject\",\"inLanguage\":\"en-US\",\"@id\":\"https:\/\/bigplayerbrazil.com.br\/#\/schema\/logo\/image\/\",\"url\":\"https:\/\/bigplayerbrazil.com.br\/wp-content\/uploads\/2020\/02\/Logo-Apoio.png\",\"contentUrl\":\"https:\/\/bigplayerbrazil.com.br\/wp-content\/uploads\/2020\/02\/Logo-Apoio.png\",\"width\":300,\"height\":232,\"caption\":\"BigPlayerBrazil\"},\"image\":{\"@id\":\"https:\/\/bigplayerbrazil.com.br\/#\/schema\/logo\/image\/\"}},{\"@type\":\"WebSite\",\"@id\":\"https:\/\/bigplayerbrazil.com.br\/#website\",\"url\":\"https:\/\/bigplayerbrazil.com.br\/\",\"name\":\"Big Player Brazil\",\"description\":\"\",\"publisher\":{\"@id\":\"https:\/\/bigplayerbrazil.com.br\/#organization\"},\"potentialAction\":[{\"@type\":\"SearchAction\",\"target\":{\"@type\":\"EntryPoint\",\"urlTemplate\":\"https:\/\/bigplayerbrazil.com.br\/?s={search_term_string}\"},\"query-input\":\"required name=search_term_string\"}],\"inLanguage\":\"en-US\"},{\"@type\":\"ImageObject\",\"inLanguage\":\"en-US\",\"@id\":\"https:\/\/bigplayerbrazil.com.br\/contato-2\/#primaryimage\",\"url\":\"https:\/\/bigplayerbrazil.com.br\/wp-content\/uploads\/2021\/12\/Contato.png\",\"contentUrl\":\"https:\/\/bigplayerbrazil.com.br\/wp-content\/uploads\/2021\/12\/Contato.png\",\"width\":2000,\"height\":640},{\"@type\":\"WebPage\",\"@id\":\"https:\/\/bigplayerbrazil.com.br\/contato-2\/#webpage\",\"url\":\"https:\/\/bigplayerbrazil.com.br\/contato-2\/\",\"name\":\"Contato - Big Player Brazil\",\"isPartOf\":{\"@id\":\"https:\/\/bigplayerbrazil.com.br\/#website\"},\"primaryImageOfPage\":{\"@id\":\"https:\/\/bigplayerbrazil.com.br\/contato-2\/#primaryimage\"},\"datePublished\":\"2020-01-15T12:43:40+00:00\",\"dateModified\":\"2021-12-09T16:42:19+00:00\",\"breadcrumb\":{\"@id\":\"https:\/\/bigplayerbrazil.com.br\/contato-2\/#breadcrumb\"},\"inLanguage\":\"en-US\",\"potentialAction\":[{\"@type\":\"ReadAction\",\"target\":[\"https:\/\/bigplayerbrazil.com.br\/contato-2\/\"]}]},{\"@type\":\"BreadcrumbList\",\"@id\":\"https:\/\/bigplayerbrazil.com.br\/contato-2\/#breadcrumb\",\"itemListElement\":[{\"@type\":\"ListItem\",\"position\":1,\"name\":\"In\u00edcio\",\"item\":\"https:\/\/bigplayerbrazil.com.br\/\"},{\"@type\":\"ListItem\",\"position\":2,\"name\":\"Contato\"}]}]}<\/script>\n<!-- \/ Yoast SEO plugin. -->","yoast_head_json":{"title":"Contato - Big Player Brazil","robots":{"index":"index","follow":"follow","max-snippet":"max-snippet:-1","max-image-preview":"max-image-preview:large","max-video-preview":"max-video-preview:-1"},"canonical":"https:\/\/bigplayerbrazil.com.br\/en\/contato-2\/","og_locale":"en_US","og_type":"article","og_title":"Contato - Big Player Brazil","og_description":"D\u00favidas, cr\u00edticas e sugest\u00f5es. Aviso: O JavaScript \u00e9 necess\u00e1rio para esse conte\u00fado.","og_url":"https:\/\/bigplayerbrazil.com.br\/en\/contato-2\/","og_site_name":"Big Player Brazil","article_publisher":"https:\/\/www.facebook.com\/bigplayerbrazil\/","article_modified_time":"2021-12-09T16:42:19+00:00","og_image":[{"url":"https:\/\/bigplayerbrazil.com.br\/wp-content\/uploads\/2021\/12\/Contato.png"}],"twitter_card":"summary_large_image","schema":{"@context":"https:\/\/schema.org","@graph":[{"@type":"Organization","@id":"https:\/\/bigplayerbrazil.com.br\/#organization","name":"BigPlayerBrazil","url":"https:\/\/bigplayerbrazil.com.br\/","sameAs":["https:\/\/www.instagram.com\/bigplayerbrazil\/","https:\/\/www.youtube.com\/channel\/UCLIfBrkcPDcFkbdzRy8Vo0w","https:\/\/www.facebook.com\/bigplayerbrazil\/"],"logo":{"@type":"ImageObject","inLanguage":"en-US","@id":"https:\/\/bigplayerbrazil.com.br\/#\/schema\/logo\/image\/","url":"https:\/\/bigplayerbrazil.com.br\/wp-content\/uploads\/2020\/02\/Logo-Apoio.png","contentUrl":"https:\/\/bigplayerbrazil.com.br\/wp-content\/uploads\/2020\/02\/Logo-Apoio.png","width":300,"height":232,"caption":"BigPlayerBrazil"},"image":{"@id":"https:\/\/bigplayerbrazil.com.br\/#\/schema\/logo\/image\/"}},{"@type":"WebSite","@id":"https:\/\/bigplayerbrazil.com.br\/#website","url":"https:\/\/bigplayerbrazil.com.br\/","name":"Big Player Brazil","description":"","publisher":{"@id":"https:\/\/bigplayerbrazil.com.br\/#organization"},"potentialAction":[{"@type":"SearchAction","target":{"@type":"EntryPoint","urlTemplate":"https:\/\/bigplayerbrazil.com.br\/?s={search_term_string}"},"query-input":"required name=search_term_string"}],"inLanguage":"en-US"},{"@type":"ImageObject","inLanguage":"en-US","@id":"https:\/\/bigplayerbrazil.com.br\/contato-2\/#primaryimage","url":"https:\/\/bigplayerbrazil.com.br\/wp-content\/uploads\/2021\/12\/Contato.png","contentUrl":"https:\/\/bigplayerbrazil.com.br\/wp-content\/uploads\/2021\/12\/Contato.png","width":2000,"height":640},{"@type":"WebPage","@id":"https:\/\/bigplayerbrazil.com.br\/contato-2\/#webpage","url":"https:\/\/bigplayerbrazil.com.br\/contato-2\/","name":"Contato - Big Player Brazil","isPartOf":{"@id":"https:\/\/bigplayerbrazil.com.br\/#website"},"primaryImageOfPage":{"@id":"https:\/\/bigplayerbrazil.com.br\/contato-2\/#primaryimage"},"datePublished":"2020-01-15T12:43:40+00:00","dateModified":"2021-12-09T16:42:19+00:00","breadcrumb":{"@id":"https:\/\/bigplayerbrazil.com.br\/contato-2\/#breadcrumb"},"inLanguage":"en-US","potentialAction":[{"@type":"ReadAction","target":["https:\/\/bigplayerbrazil.com.br\/contato-2\/"]}]},{"@type":"BreadcrumbList","@id":"https:\/\/bigplayerbrazil.com.br\/contato-2\/#breadcrumb","itemListElement":[{"@type":"ListItem","position":1,"name":"In\u00edcio","item":"https:\/\/bigplayerbrazil.com.br\/"},{"@type":"ListItem","position":2,"name":"Contato"}]}]}},"_links":{"self":[{"href":"https:\/\/bigplayerbrazil.com.br\/en\/wp-json\/wp\/v2\/pages\/193"}],"collection":[{"href":"https:\/\/bigplayerbrazil.com.br\/en\/wp-json\/wp\/v2\/pages"}],"about":[{"href":"https:\/\/bigplayerbrazil.com.br\/en\/wp-json\/wp\/v2\/types\/page"}],"author":[{"embeddable":true,"href":"https:\/\/bigplayerbrazil.com.br\/en\/wp-json\/wp\/v2\/users\/1"}],"replies":[{"embeddable":true,"href":"https:\/\/bigplayerbrazil.com.br\/en\/wp-json\/wp\/v2\/comments?post=193"}],"version-history":[{"count":3,"href":"https:\/\/bigplayerbrazil.com.br\/en\/wp-json\/wp\/v2\/pages\/193\/revisions"}],"predecessor-version":[{"id":8693,"href":"https:\/\/bigplayerbrazil.com.br\/en\/wp-json\/wp\/v2\/pages\/193\/revisions\/8693"}],"wp:attachment":[{"href":"https:\/\/bigplayerbrazil.com.br\/en\/wp-json\/wp\/v2\/media?parent=193"}],"curies":[{"name":"wp","href":"https:\/\/api.w.org\/{rel}","templated":true}]}}